{"id":10561,"date":"2024-01-29T23:05:23","date_gmt":"2024-01-29T23:05:23","guid":{"rendered":"https:\/\/metropolitni.brno.cz\/projekty\/"},"modified":"2024-01-29T23:05:23","modified_gmt":"2024-01-29T23:05:23","slug":"projekty","status":"publish","type":"page","link":"https:\/\/metropolitni.brno.cz\/en\/projekty\/","title":{"rendered":"Metropolitn\u00ed projekty a integrovan\u00e1 \u0159e\u0161en\u00ed"},"content":{"rendered":"","protected":false},"excerpt":{"rendered":"","protected":false},"author":1,"featured_media":0,"parent":0,"menu_order":13,"comment_status":"closed","ping_status":"closed","template":"","meta":{"_editorskit_title_hidden":false,"_editorskit_reading_time":0,"_editorskit_is_block_options_detached":false,"_editorskit_block_options_position":"{}","footnotes":""},"acf":[],"aioseo_notices":[],"_links":{"self":[{"href":"https:\/\/metropolitni.brno.cz\/en\/wp-json\/wp\/v2\/pages\/10561"}],"collection":[{"href":"https:\/\/metropolitni.brno.cz\/en\/wp-json\/wp\/v2\/pages"}],"about":[{"href":"https:\/\/metropolitni.brno.cz\/en\/wp-json\/wp\/v2\/types\/page"}],"author":[{"embeddable":true,"href":"https:\/\/metropolitni.brno.cz\/en\/wp-json\/wp\/v2\/users\/1"}],"replies":[{"embeddable":true,"href":"https:\/\/metropolitni.brno.cz\/en\/wp-json\/wp\/v2\/comments?post=10561"}],"version-history":[{"count":0,"href":"https:\/\/metropolitni.brno.cz\/en\/wp-json\/wp\/v2\/pages\/10561\/revisions"}],"wp:attachment":[{"href":"https:\/\/metropolitni.brno.cz\/en\/wp-json\/wp\/v2\/media?parent=10561"}],"curies":[{"name":"wp","href":"https:\/\/api.w.org\/{rel}","templated":true}]}}