{"id":10547,"date":"2024-02-09T10:02:29","date_gmt":"2024-02-09T10:02:29","guid":{"rendered":"https:\/\/metropolitni.brno.cz\/vystupy-z-rv\/"},"modified":"2026-04-16T13:26:44","modified_gmt":"2026-04-16T13:26:44","slug":"vystupy-z-rv","status":"publish","type":"page","link":"https:\/\/metropolitni.brno.cz\/en\/o-bmo\/ridici-a-koordinacni-struktury\/ridici-vybor-bmo\/vystupy-z-rv\/","title":{"rendered":"V\u00fdstupy z&nbsp;\u0158V"},"content":{"rendered":"\n<h1 class=\"wp-block-heading\">V\u00fdstupy z&nbsp;\u0158V<\/h1>\n\n\n    <div class=\"w-full my-10\">\n        <table class=\"striped w-full\">\n                        <tr>\n                <th><\/th>\n                <th class=\"text-start\">V\u00fdstupy<\/th>\n            <\/tr>\n                                        <tr>\n                    <td width=\"50\"><img decoding=\"async\" src=\"https:\/\/metropolitni.brno.cz\/wp-content\/themes\/bmo\/public\/img\/ico_zip.svg\" class=\"w-auto h-8\" alt=\"soubor zip\" title=\"soubor zip\"><\/td>\n                    <td>\n                        <a href=\"https:\/\/metropolitni.brno.cz\/wp-content\/uploads\/2026\/04\/RV-BMO-31.3.2026-1.zip\">\n                            \u0158V BMO 31.3.2026                        <\/a>\n                    <\/td>\n                <\/tr>\n                            <tr>\n                    <td width=\"50\"><img decoding=\"async\" src=\"https:\/\/metropolitni.brno.cz\/wp-content\/themes\/bmo\/public\/img\/ico_png.svg\" class=\"w-auto h-8\" alt=\"soubor png\" title=\"soubor png\"><\/td>\n                    <td>\n                        <a href=\"https:\/\/metropolitni.brno.cz\/wp-content\/uploads\/2026\/02\/Vysledky_RV-BMO-HPR-16.-26.1.2026.png\">\n                            V\u00fdsledky_\u0158V-BMO-HPR &#8211; 16.-26.1.2026                        <\/a>\n                    <\/td>\n                <\/tr>\n                            <tr>\n                    <td width=\"50\"><img decoding=\"async\" src=\"https:\/\/metropolitni.brno.cz\/wp-content\/themes\/bmo\/public\/img\/ico_zip.svg\" class=\"w-auto h-8\" alt=\"soubor zip\" title=\"soubor zip\"><\/td>\n                    <td>\n                        <a href=\"https:\/\/metropolitni.brno.cz\/wp-content\/uploads\/2025\/12\/31-RV-BMO-4.12.2025.zip\">\n                            31-RV-BMO-4.12.2025                        <\/a>\n                    <\/td>\n                <\/tr>\n                            <tr>\n                    <td width=\"50\"><img decoding=\"async\" src=\"https:\/\/metropolitni.brno.cz\/wp-content\/themes\/bmo\/public\/img\/ico_png.svg\" class=\"w-auto h-8\" alt=\"soubor png\" title=\"soubor png\"><\/td>\n                    <td>\n                        <a href=\"https:\/\/metropolitni.brno.cz\/wp-content\/uploads\/2025\/10\/Vysledky-RV-BMO-HPR-9.-17.-10.-2025.png\">\n                            V\u00fdsledky RV BMO HPR 9.-17.&nbsp;10.&nbsp;2025                        <\/a>\n                    <\/td>\n                <\/tr>\n                            <tr>\n                    <td width=\"50\"><img decoding=\"async\" src=\"https:\/\/metropolitni.brno.cz\/wp-content\/themes\/bmo\/public\/img\/ico_zip.svg\" class=\"w-auto h-8\" alt=\"soubor zip\" title=\"soubor zip\"><\/td>\n                    <td>\n                        <a href=\"https:\/\/metropolitni.brno.cz\/wp-content\/uploads\/2025\/06\/30-RV-BMO-12.6.2025.zip\">\n                            30 \u0158V BMO &#8211; 12.6.2025                        <\/a>\n                    <\/td>\n                <\/tr>\n                            <tr>\n                    <td width=\"50\"><img decoding=\"async\" src=\"https:\/\/metropolitni.brno.cz\/wp-content\/themes\/bmo\/public\/img\/ico_png.svg\" class=\"w-auto h-8\" alt=\"soubor png\" title=\"soubor png\"><\/td>\n                    <td>\n                        <a href=\"https:\/\/metropolitni.brno.cz\/wp-content\/uploads\/2025\/04\/vysledky-RV-BMO-HPR-3.-11.4.2025.png\">\n                            v\u00fdsledky \u0158V BMO HPR 3.-11.4.2025                        <\/a>\n                    <\/td>\n                <\/tr>\n                            <tr>\n                    <td width=\"50\"><img decoding=\"async\" src=\"https:\/\/metropolitni.brno.cz\/wp-content\/themes\/bmo\/public\/img\/ico_zip.svg\" class=\"w-auto h-8\" alt=\"soubor zip\" title=\"soubor zip\"><\/td>\n                    <td>\n                        <a href=\"https:\/\/metropolitni.brno.cz\/wp-content\/uploads\/2025\/04\/29-RV-BMO-11.3.2025.zip\">\n                            29-RV-BMO-11.3.2025                        <\/a>\n                    <\/td>\n                <\/tr>\n                            <tr>\n                    <td width=\"50\"><img decoding=\"async\" src=\"https:\/\/metropolitni.brno.cz\/wp-content\/themes\/bmo\/public\/img\/ico_zip.svg\" class=\"w-auto h-8\" alt=\"soubor zip\" title=\"soubor zip\"><\/td>\n                    <td>\n                        <a href=\"https:\/\/metropolitni.brno.cz\/wp-content\/uploads\/2025\/01\/28-RV-BMO-13.12.2024.zip\">\n                            28-\u0158V-BMO-13.12.2024                        <\/a>\n                    <\/td>\n                <\/tr>\n                            <tr>\n                    <td width=\"50\"><img decoding=\"async\" src=\"https:\/\/metropolitni.brno.cz\/wp-content\/themes\/bmo\/public\/img\/ico_zip.svg\" class=\"w-auto h-8\" alt=\"soubor zip\" title=\"soubor zip\"><\/td>\n                    <td>\n                        <a href=\"https:\/\/metropolitni.brno.cz\/wp-content\/uploads\/2024\/10\/27-RV-BMO-08.10.2024.zip\">\n                            27 \u0158V BMO 08.10.2024                        <\/a>\n                    <\/td>\n                <\/tr>\n                            <tr>\n                    <td width=\"50\"><img decoding=\"async\" src=\"https:\/\/metropolitni.brno.cz\/wp-content\/themes\/bmo\/public\/img\/ico_png.svg\" class=\"w-auto h-8\" alt=\"soubor png\" title=\"soubor png\"><\/td>\n                    <td>\n                        <a href=\"https:\/\/metropolitni.brno.cz\/wp-content\/uploads\/2025\/02\/Vystupy-z-hlasovani-per-rollam-RV-BMO-konaneho-od-26.7.2024-do-5.8.2024.png\">\n                            V\u00fdstupy z&nbsp;hlasov\u00e1n\u00ed per rollam \u0158V BMO konan\u00e9ho od 26.7.2024 do 5.8.2024                        <\/a>\n                    <\/td>\n                <\/tr>\n                            <tr>\n                    <td width=\"50\"><img decoding=\"async\" src=\"https:\/\/metropolitni.brno.cz\/wp-content\/themes\/bmo\/public\/img\/ico_png.svg\" class=\"w-auto h-8\" alt=\"soubor png\" title=\"soubor png\"><\/td>\n                    <td>\n                        <a href=\"https:\/\/metropolitni.brno.cz\/wp-content\/uploads\/2025\/02\/Vystupy-z-hlasovani-per-rollam-RV-BMO-konaneho-od-3.7.2024-do-12.7.2024.png\">\n                            V\u00fdstupy z&nbsp;hlasov\u00e1n\u00ed per rollam \u0158V BMO konan\u00e9ho od 3.7.2024 do 12.7.2024                        <\/a>\n                    <\/td>\n                <\/tr>\n                            <tr>\n                    <td width=\"50\"><img decoding=\"async\" src=\"https:\/\/metropolitni.brno.cz\/wp-content\/themes\/bmo\/public\/img\/ico_zip.svg\" class=\"w-auto h-8\" alt=\"soubor zip\" title=\"soubor zip\"><\/td>\n                    <td>\n                        <a href=\"https:\/\/metropolitni.brno.cz\/wp-content\/uploads\/2024\/06\/26-RV-BMO-28-05-2024.zip\">\n                            26-\u0158V-BMO-28-05-2024                        <\/a>\n                    <\/td>\n                <\/tr>\n                            <tr>\n                    <td width=\"50\"><img decoding=\"async\" src=\"https:\/\/metropolitni.brno.cz\/wp-content\/themes\/bmo\/public\/img\/ico_zip.svg\" class=\"w-auto h-8\" alt=\"soubor zip\" title=\"soubor zip\"><\/td>\n                    <td>\n                        <a href=\"https:\/\/metropolitni.brno.cz\/wp-content\/uploads\/2024\/04\/25-RV-BMO-02-04-2024.zip\">\n                            25-RV-BMO-02-04-2024                        <\/a>\n                    <\/td>\n                <\/tr>\n                            <tr>\n                    <td width=\"50\"><img decoding=\"async\" src=\"https:\/\/metropolitni.brno.cz\/wp-content\/themes\/bmo\/public\/img\/ico_png.svg\" class=\"w-auto h-8\" alt=\"soubor png\" title=\"soubor png\"><\/td>\n                    <td>\n                        <a href=\"https:\/\/metropolitni.brno.cz\/wp-content\/uploads\/2024\/03\/Vystupy-z-hlasovani-per-rollam-RV-BMO-konaneho-od-17.1.2024-do-25.1.2024.png\">\n                            Vystupy-z-hlasovani-per-rollam-RV-BMO-konaneho-od-17.1.2024-do-25.1.2024                        <\/a>\n                    <\/td>\n                <\/tr>\n                            <tr>\n                    <td width=\"50\"><img decoding=\"async\" src=\"https:\/\/metropolitni.brno.cz\/wp-content\/themes\/bmo\/public\/img\/ico_zip.svg\" class=\"w-auto h-8\" alt=\"soubor zip\" title=\"soubor zip\"><\/td>\n                    <td>\n                        <a href=\"https:\/\/metropolitni.brno.cz\/wp-content\/uploads\/2024\/03\/24-RV-BMO-07-12-2023.zip\">\n                            24-RV-BMO-07-12-2023                        <\/a>\n                    <\/td>\n                <\/tr>\n                            <tr>\n                    <td width=\"50\"><img decoding=\"async\" src=\"https:\/\/metropolitni.brno.cz\/wp-content\/themes\/bmo\/public\/img\/ico_zip.svg\" class=\"w-auto h-8\" alt=\"soubor zip\" title=\"soubor zip\"><\/td>\n                    <td>\n                        <a href=\"https:\/\/metropolitni.brno.cz\/wp-content\/uploads\/2024\/03\/23-RV-BMO-26-9-2023.zip\">\n                            23-RV-BMO-26-9-2023                        <\/a>\n                    <\/td>\n                <\/tr>\n                            <tr>\n                    <td width=\"50\"><img decoding=\"async\" src=\"https:\/\/metropolitni.brno.cz\/wp-content\/themes\/bmo\/public\/img\/ico_zip.svg\" class=\"w-auto h-8\" alt=\"soubor zip\" title=\"soubor zip\"><\/td>\n                    <td>\n                        <a href=\"https:\/\/metropolitni.brno.cz\/wp-content\/uploads\/2024\/03\/22-RV-BMO-13-6-2023.zip\">\n                            22-RV-BMO-13-6-2023                        <\/a>\n                    <\/td>\n                <\/tr>\n                            <tr>\n                    <td width=\"50\"><img decoding=\"async\" src=\"https:\/\/metropolitni.brno.cz\/wp-content\/themes\/bmo\/public\/img\/ico_png.svg\" class=\"w-auto h-8\" alt=\"soubor png\" title=\"soubor png\"><\/td>\n                    <td>\n                        <a href=\"https:\/\/metropolitni.brno.cz\/wp-content\/uploads\/2024\/03\/Vystupy-z-hlasovani-per-rollam-ve-dnech-20.-25.4.2023.png\">\n                            Vystupy-z-hlasovani-per-rollam-ve-dnech-20.-25.4.2023                        <\/a>\n                    <\/td>\n                <\/tr>\n                            <tr>\n                    <td width=\"50\"><img decoding=\"async\" src=\"https:\/\/metropolitni.brno.cz\/wp-content\/themes\/bmo\/public\/img\/ico_png.svg\" class=\"w-auto h-8\" alt=\"soubor png\" title=\"soubor png\"><\/td>\n                    <td>\n                        <a href=\"https:\/\/metropolitni.brno.cz\/wp-content\/uploads\/2024\/03\/Vysledky-hlasovani-per-rollam-RV-BMO-24.2.-3.3.2023.png\">\n                            Vysledky-hlasovani-per-rollam-RV-BMO-24.2.-3.3.2023                        <\/a>\n                    <\/td>\n                <\/tr>\n                            <tr>\n                    <td width=\"50\"><img decoding=\"async\" src=\"https:\/\/metropolitni.brno.cz\/wp-content\/themes\/bmo\/public\/img\/ico_zip.svg\" class=\"w-auto h-8\" alt=\"soubor zip\" title=\"soubor zip\"><\/td>\n                    <td>\n                        <a href=\"https:\/\/metropolitni.brno.cz\/wp-content\/uploads\/2024\/03\/21.-RV-BMO-14.12.2022.zip\">\n                            21.-RV-BMO-14.12.2022                        <\/a>\n                    <\/td>\n                <\/tr>\n                            <tr>\n                    <td width=\"50\"><img decoding=\"async\" src=\"https:\/\/metropolitni.brno.cz\/wp-content\/themes\/bmo\/public\/img\/ico_zip.svg\" class=\"w-auto h-8\" alt=\"soubor zip\" title=\"soubor zip\"><\/td>\n                    <td>\n                        <a href=\"https:\/\/metropolitni.brno.cz\/wp-content\/uploads\/2024\/03\/20-RV-BMO-30-8-2022.zip\">\n                            20-RV-BMO-30-8-2022                        <\/a>\n                    <\/td>\n                <\/tr>\n                            <tr>\n                    <td width=\"50\"><img decoding=\"async\" src=\"https:\/\/metropolitni.brno.cz\/wp-content\/themes\/bmo\/public\/img\/ico_zip.svg\" class=\"w-auto h-8\" alt=\"soubor zip\" title=\"soubor zip\"><\/td>\n                    <td>\n                        <a href=\"https:\/\/metropolitni.brno.cz\/wp-content\/uploads\/2024\/03\/19-RV-BMO-23-2-2022.zip\">\n                            19-RV-BMO-23-2-2022                        <\/a>\n                    <\/td>\n                <\/tr>\n                            <tr>\n                    <td width=\"50\"><img decoding=\"async\" src=\"https:\/\/metropolitni.brno.cz\/wp-content\/themes\/bmo\/public\/img\/ico_zip.svg\" class=\"w-auto h-8\" alt=\"soubor zip\" title=\"soubor zip\"><\/td>\n                    <td>\n                        <a href=\"https:\/\/metropolitni.brno.cz\/wp-content\/uploads\/2024\/03\/18-RV-BMO-15-12-2021.zip\">\n                            18-RV-BMO-15-12-2021                        <\/a>\n                    <\/td>\n                <\/tr>\n                            <tr>\n                    <td width=\"50\"><img decoding=\"async\" src=\"https:\/\/metropolitni.brno.cz\/wp-content\/themes\/bmo\/public\/img\/ico_zip.svg\" class=\"w-auto h-8\" alt=\"soubor zip\" title=\"soubor zip\"><\/td>\n                    <td>\n                        <a href=\"https:\/\/metropolitni.brno.cz\/wp-content\/uploads\/2024\/03\/17-RV-BMO-11-5-2021.zip\">\n                            17-RV-BMO-11-5-2021                        <\/a>\n                    <\/td>\n                <\/tr>\n                            <tr>\n                    <td width=\"50\"><img decoding=\"async\" src=\"https:\/\/metropolitni.brno.cz\/wp-content\/themes\/bmo\/public\/img\/ico_zip.svg\" class=\"w-auto h-8\" alt=\"soubor zip\" title=\"soubor zip\"><\/td>\n                    <td>\n                        <a href=\"https:\/\/metropolitni.brno.cz\/wp-content\/uploads\/2024\/03\/16-RV-BMO-22-10-2020.zip\">\n                            16-RV-BMO-22-10-2020                        <\/a>\n                    <\/td>\n                <\/tr>\n                            <tr>\n                    <td width=\"50\"><img decoding=\"async\" src=\"https:\/\/metropolitni.brno.cz\/wp-content\/themes\/bmo\/public\/img\/ico_zip.svg\" class=\"w-auto h-8\" alt=\"soubor zip\" title=\"soubor zip\"><\/td>\n                    <td>\n                        <a href=\"https:\/\/metropolitni.brno.cz\/wp-content\/uploads\/2024\/03\/15-RV-ITI-5-3-20.zip\">\n                            15-RV-ITI-5-3-20                        <\/a>\n                    <\/td>\n                <\/tr>\n                            <tr>\n                    <td width=\"50\"><img decoding=\"async\" src=\"https:\/\/metropolitni.brno.cz\/wp-content\/themes\/bmo\/public\/img\/ico_zip.svg\" class=\"w-auto h-8\" alt=\"soubor zip\" title=\"soubor zip\"><\/td>\n                    <td>\n                        <a href=\"https:\/\/metropolitni.brno.cz\/wp-content\/uploads\/2024\/03\/14-RV-ITI-15-10-19.zip\">\n                            14-RV-ITI-15-10-19                        <\/a>\n                    <\/td>\n                <\/tr>\n                            <tr>\n                    <td width=\"50\"><img decoding=\"async\" src=\"https:\/\/metropolitni.brno.cz\/wp-content\/themes\/bmo\/public\/img\/ico_zip.svg\" class=\"w-auto h-8\" alt=\"soubor zip\" title=\"soubor zip\"><\/td>\n                    <td>\n                        <a href=\"https:\/\/metropolitni.brno.cz\/wp-content\/uploads\/2024\/03\/13-RV-ITI-21-8-19.zip\">\n                            13-RV-ITI-21-8-19                        <\/a>\n                    <\/td>\n                <\/tr>\n                            <tr>\n                    <td width=\"50\"><img decoding=\"async\" src=\"https:\/\/metropolitni.brno.cz\/wp-content\/themes\/bmo\/public\/img\/ico_zip.svg\" class=\"w-auto h-8\" alt=\"soubor zip\" title=\"soubor zip\"><\/td>\n                    <td>\n                        <a href=\"https:\/\/metropolitni.brno.cz\/wp-content\/uploads\/2024\/03\/11-RV-ITI-22.1.2019.zip\">\n                            11-\u0158V-ITI-22.1.2019                        <\/a>\n                    <\/td>\n                <\/tr>\n                            <tr>\n                    <td width=\"50\"><img decoding=\"async\" src=\"https:\/\/metropolitni.brno.cz\/wp-content\/themes\/bmo\/public\/img\/ico_zip.svg\" class=\"w-auto h-8\" alt=\"soubor zip\" title=\"soubor zip\"><\/td>\n                    <td>\n                        <a href=\"https:\/\/metropolitni.brno.cz\/wp-content\/uploads\/2024\/03\/12-RV-ITI-24.4.19.zip\">\n                            12-\u0158V-ITI-24.4.19                        <\/a>\n                    <\/td>\n                <\/tr>\n                            <tr>\n                    <td width=\"50\"><img decoding=\"async\" src=\"https:\/\/metropolitni.brno.cz\/wp-content\/themes\/bmo\/public\/img\/ico_zip.svg\" class=\"w-auto h-8\" alt=\"soubor zip\" title=\"soubor zip\"><\/td>\n                    <td>\n                        <a href=\"https:\/\/metropolitni.brno.cz\/wp-content\/uploads\/2024\/03\/10-RV-ITI-3.10.2018.zip\">\n                            10-\u0158V-ITI-3.10.2018                        <\/a>\n                    <\/td>\n                <\/tr>\n                            <tr>\n                    <td width=\"50\"><img decoding=\"async\" src=\"https:\/\/metropolitni.brno.cz\/wp-content\/themes\/bmo\/public\/img\/ico_zip.svg\" class=\"w-auto h-8\" alt=\"soubor zip\" title=\"soubor zip\"><\/td>\n                    <td>\n                        <a href=\"https:\/\/metropolitni.brno.cz\/wp-content\/uploads\/2024\/03\/9.-RV-ITI-23.5.2018.zip\">\n                            9.-\u0158V-ITI-23.5.2018                        <\/a>\n                    <\/td>\n                <\/tr>\n                            <tr>\n                    <td width=\"50\"><img decoding=\"async\" src=\"https:\/\/metropolitni.brno.cz\/wp-content\/themes\/bmo\/public\/img\/ico_zip.svg\" class=\"w-auto h-8\" alt=\"soubor zip\" title=\"soubor zip\"><\/td>\n                    <td>\n                        <a href=\"https:\/\/metropolitni.brno.cz\/wp-content\/uploads\/2024\/03\/RV-20-2-18.zip\">\n                            \u0158V-20-2-18                        <\/a>\n                    <\/td>\n                <\/tr>\n                            <tr>\n                    <td width=\"50\"><img decoding=\"async\" src=\"https:\/\/metropolitni.brno.cz\/wp-content\/themes\/bmo\/public\/img\/ico_zip.svg\" class=\"w-auto h-8\" alt=\"soubor zip\" title=\"soubor zip\"><\/td>\n                    <td>\n                        <a href=\"https:\/\/metropolitni.brno.cz\/wp-content\/uploads\/2024\/03\/RV-13-12-17.zip\">\n                            \u0158V-13-12-17                        <\/a>\n                    <\/td>\n                <\/tr>\n                            <tr>\n                    <td width=\"50\"><img decoding=\"async\" src=\"https:\/\/metropolitni.brno.cz\/wp-content\/themes\/bmo\/public\/img\/ico_zip.svg\" class=\"w-auto h-8\" alt=\"soubor zip\" title=\"soubor zip\"><\/td>\n                    <td>\n                        <a href=\"https:\/\/metropolitni.brno.cz\/wp-content\/uploads\/2024\/03\/6.-jednani-RV-ITI.zip\">\n                            6.-jedn\u00e1n\u00ed-\u0158V-ITI                        <\/a>\n                    <\/td>\n                <\/tr>\n                            <tr>\n                    <td width=\"50\"><img decoding=\"async\" src=\"https:\/\/metropolitni.brno.cz\/wp-content\/themes\/bmo\/public\/img\/ico_zip.svg\" class=\"w-auto h-8\" alt=\"soubor zip\" title=\"soubor zip\"><\/td>\n                    <td>\n                        <a href=\"https:\/\/metropolitni.brno.cz\/wp-content\/uploads\/2024\/03\/RV_ITI_19-06-2017.zip\">\n                            RV_ITI_19-06-2017                        <\/a>\n                    <\/td>\n                <\/tr>\n                            <tr>\n                    <td width=\"50\"><img decoding=\"async\" src=\"https:\/\/metropolitni.brno.cz\/wp-content\/themes\/bmo\/public\/img\/ico_zip.svg\" class=\"w-auto h-8\" alt=\"soubor zip\" title=\"soubor zip\"><\/td>\n                    <td>\n                        <a href=\"https:\/\/metropolitni.brno.cz\/wp-content\/uploads\/2024\/02\/RV_ITI_19_4_2017.zip\">\n                            Sta\u017een\u00ed v\u00fdstup\u016f ze \u010dtvrt\u00e9ho \u0159\u00e1dn\u00e9ho jedn\u00e1n\u00ed \u0158V ke dni 19.&nbsp;4.&nbsp;2017                        <\/a>\n                    <\/td>\n                <\/tr>\n                            <tr>\n                    <td width=\"50\"><img decoding=\"async\" src=\"https:\/\/metropolitni.brno.cz\/wp-content\/themes\/bmo\/public\/img\/ico_zip.svg\" class=\"w-auto h-8\" alt=\"soubor zip\" title=\"soubor zip\"><\/td>\n                    <td>\n                        <a href=\"https:\/\/metropolitni.brno.cz\/wp-content\/uploads\/2024\/02\/RV_28._11._2016.zip\">\n                            Sta\u017een\u00ed v\u00fdstup\u016f z&nbsp;t\u0159et\u00edho \u0159\u00e1dn\u00e9ho jedn\u00e1n\u00ed \u0158V ke dni 28.&nbsp;11.&nbsp;2016                        <\/a>\n                    <\/td>\n                <\/tr>\n                            <tr>\n                    <td width=\"50\"><img decoding=\"async\" src=\"https:\/\/metropolitni.brno.cz\/wp-content\/themes\/bmo\/public\/img\/ico_zip.svg\" class=\"w-auto h-8\" alt=\"soubor zip\" title=\"soubor zip\"><\/td>\n                    <td>\n                        <a href=\"https:\/\/metropolitni.brno.cz\/wp-content\/uploads\/2024\/02\/RV24-3-2016.zip\">\n                            Sta\u017een\u00ed v\u00fdstup\u016f z&nbsp;druh\u00e9ho \u0159\u00e1dn\u00e9ho jedn\u00e1n\u00ed \u0158V dne 24.&nbsp;3.&nbsp;2016                        <\/a>\n                    <\/td>\n                <\/tr>\n                            <tr>\n                    <td width=\"50\"><img decoding=\"async\" src=\"https:\/\/metropolitni.brno.cz\/wp-content\/themes\/bmo\/public\/img\/ico_zip.svg\" class=\"w-auto h-8\" alt=\"soubor zip\" title=\"soubor zip\"><\/td>\n                    <td>\n                        <a href=\"https:\/\/metropolitni.brno.cz\/wp-content\/uploads\/2024\/02\/RV_ITI_12-10-2015_podklady_souhrn.zip\">\n                            Sta\u017een\u00ed v\u00fdstup\u016f z&nbsp;prvn\u00edho \u0159\u00e1dn\u00e9ho jedn\u00e1n\u00ed \u0158V dne 12.&nbsp;10.&nbsp;2015                        <\/a>\n                    <\/td>\n                <\/tr>\n                            <tr>\n                    <td width=\"50\"><img decoding=\"async\" src=\"https:\/\/metropolitni.brno.cz\/wp-content\/themes\/bmo\/public\/img\/ico_zip.svg\" class=\"w-auto h-8\" alt=\"soubor zip\" title=\"soubor zip\"><\/td>\n                    <td>\n                        <a href=\"https:\/\/metropolitni.brno.cz\/wp-content\/uploads\/2024\/02\/Vystupy_ustavujiciho_jednani_RV.zip\">\n                            Sta\u017een\u00ed v\u00fdstup\u016f z&nbsp;ustavuj\u00edc\u00edho jedn\u00e1n\u00ed \u0158V dne 1.&nbsp;6.&nbsp;2015                        <\/a>\n                    <\/td>\n                <\/tr>\n                    <\/table>\n    <\/div>\n","protected":false},"excerpt":{"rendered":"<p>V\u00fdstupy z&nbsp;\u0158V<\/p>\n","protected":false},"author":1,"featured_media":0,"parent":10555,"menu_order":37,"comment_status":"closed","ping_status":"closed","template":"","meta":{"_editorskit_title_hidden":false,"_editorskit_reading_time":0,"_editorskit_is_block_options_detached":false,"_editorskit_block_options_position":"{}","footnotes":""},"acf":[],"aioseo_notices":[],"_links":{"self":[{"href":"https:\/\/metropolitni.brno.cz\/en\/wp-json\/wp\/v2\/pages\/10547"}],"collection":[{"href":"https:\/\/metropolitni.brno.cz\/en\/wp-json\/wp\/v2\/pages"}],"about":[{"href":"https:\/\/metropolitni.brno.cz\/en\/wp-json\/wp\/v2\/types\/page"}],"author":[{"embeddable":true,"href":"https:\/\/metropolitni.brno.cz\/en\/wp-json\/wp\/v2\/users\/1"}],"replies":[{"embeddable":true,"href":"https:\/\/metropolitni.brno.cz\/en\/wp-json\/wp\/v2\/comments?post=10547"}],"version-history":[{"count":11,"href":"https:\/\/metropolitni.brno.cz\/en\/wp-json\/wp\/v2\/pages\/10547\/revisions"}],"predecessor-version":[{"id":19707,"href":"https:\/\/metropolitni.brno.cz\/en\/wp-json\/wp\/v2\/pages\/10547\/revisions\/19707"}],"up":[{"embeddable":true,"href":"https:\/\/metropolitni.brno.cz\/en\/wp-json\/wp\/v2\/pages\/10555"}],"wp:attachment":[{"href":"https:\/\/metropolitni.brno.cz\/en\/wp-json\/wp\/v2\/media?parent=10547"}],"curies":[{"name":"wp","href":"https:\/\/api.w.org\/{rel}","templated":true}]}}