{"id":10539,"date":"2024-03-03T18:47:41","date_gmt":"2024-03-03T18:47:41","guid":{"rendered":"https:\/\/metropolitni.brno.cz\/metropolitni-konference\/prinosy-metropolitni-spoluprace-2020\/"},"modified":"2025-06-09T10:44:51","modified_gmt":"2025-06-09T10:44:51","slug":"prinosy-metropolitni-spoluprace-2020","status":"publish","type":"page","link":"https:\/\/metropolitni.brno.cz\/en\/prinosy-metropolitni-spoluprace-2020\/","title":{"rendered":"P\u0159\u00ednosy metropolitn\u00ed spolupr\u00e1ce (2020)"},"content":{"rendered":"\n<h1 class=\"wp-block-heading\">P\u0159\u00ednosy metropolitn\u00ed spolupr\u00e1ce (2020)<\/h1>\n\n\n\n<p>Ve \u010dtvrtek 20.&nbsp;srpna 2020 se v&nbsp;prostor\u00e1ch hotelu Atlantis Brno uskute\u010dnila konference&nbsp;<strong>P\u0159\u00ednosy metropolitn\u00ed spolupr\u00e1ce pro obce, regiony a st\u00e1t<\/strong>. Konference se konala pod z\u00e1\u0161titou ministryn\u011b pro m\u00edstn\u00ed rozvoj&nbsp;<strong>Ing. Kl\u00e1ry Dost\u00e1lov\u00e9<\/strong>, ministra vnitra&nbsp;<strong>Jana Ham\u00e1\u010dka<\/strong>, hejtmana Jihomoravsk\u00e9ho kraje&nbsp;<strong>JUDr. Bohumila \u0160imka<\/strong>, p\u0159edsedy Svazu m\u011bst a obc\u00ed \u010cR Mgr.&nbsp;<strong>Franti\u0161ka Lukla<\/strong>, p\u0159edsedy Asociace kraj\u016f \u010cR&nbsp;<strong>MUDr. Ji\u0159\u00edho B\u011bhounka<\/strong>&nbsp;a rektora Masarykovy univerzity&nbsp;<strong>prof. MUDr. Martina Bare\u0161e<\/strong>,&nbsp;<strong>Ph.D<\/strong>.<\/p>\n\n\n\n<p>Hlavn\u00edm c\u00edlem konference bylo spole\u010dn\u011b s&nbsp;odborn\u00edky a politick\u00fdmi z\u00e1stupci dot\u010den\u00fdch ministerstev, kraj\u016f, m\u011bst a obc\u00ed konkr\u00e9tn\u011b a srozumiteln\u011b pojmenovat a komunikovat glob\u00e1ln\u00ed i lok\u00e1ln\u00ed p\u0159\u00ednosy a specifika metropolitn\u00ed spolupr\u00e1ce v&nbsp;\u010cR a nad\u00e1le je podporovat. Konference vyzdvihla pozitivn\u00ed zku\u0161enosti s&nbsp;implementac\u00ed n\u00e1stroje ITI na \u00farovni metropolitn\u00edch oblast\u00ed a aglomerac\u00ed a p\u0159\u00ednosy metropolitn\u00ed spolupr\u00e1ce z&nbsp;ekonomick\u00e9ho, geografick\u00e9ho, soci\u00e1ln\u00edho a spr\u00e1vn\u00edho hlediska.<\/p>\n\n\n\n<p>Konferenci p\u0159edch\u00e1zelo jedn\u00e1n\u00ed prim\u00e1tor\u016f statut\u00e1rn\u00edch m\u011bst, kter\u00e9 vyvrcholilo\u00a0<strong>podpisem\u00a0<\/strong><a href=\"https:\/\/metropolitni.brno.cz\/wp-content\/uploads\/2024\/07\/Deklarace-primatoru-stat.-mest-CR.pdf\" class=\"ek-link\"><strong>deklarace<\/strong><\/a><strong>, je\u017e definuje z\u00e1kladn\u00ed po\u017eadavky k\u00a0budoucnosti a institucionalizaci metropolitn\u00ed spolupr\u00e1ce v\u00a0\u010cesk\u00e9 republice<\/strong>. M\u011bsta se tak zav\u00e1zala aktivn\u011b prosazovat my\u0161lenku metropolitn\u00ed spolupr\u00e1ce s\u00a0c\u00edlem vyjednat pro jej\u00ed rozvoj co nejlep\u0161\u00ed podm\u00ednky. Spole\u010dn\u00fd dokument je ur\u010den Ministerstvu pro m\u00edstn\u00ed rozvoj \u010cR, Ministerstvu vnitra \u010cR a dal\u0161\u00edm n\u00e1rodn\u00edm org\u00e1n\u016fm, kter\u00e9 maj\u00ed v&nbsp;gesci \u00fazemn\u00ed rozvoj. K\u00a0bod\u016fm deklarace pat\u0159\u00ed i\u00a0\u017e\u00e1dost o\u00a0urychlen\u00ed debaty o\u00a0tom, aby byly pro metropolitn\u00ed oblasti l\u00e9pe dostupn\u00e9 finan\u010dn\u00ed prost\u0159edky i\u00a0z\u00a0n\u00e1rodn\u00edch zdroj\u016f (nap\u0159.\u00a0Moderniza\u010dn\u00ed fond, n\u00e1rodn\u00ed dota\u010dn\u00ed tituly). V\u00edce informac\u00ed naleznete v&nbsp;tiskov\u00e9 zpr\u00e1v\u011b\u00a0<a href=\"https:\/\/www.smocr.cz\/cs\/novinky\/a\/v-metropolitni-spolupraci-vidime-budoucnost-shodli-se-primatori-v-deklaraci-ministerstvum\" class=\"ek-link\"><strong>Svazu m\u011bst a obc\u00ed \u010cR<\/strong><\/a>\u00a0a\u00a0<a href=\"https:\/\/cosedeje.brno.cz\/w\/v-metropolitni-spolupraci-vidime-budoucnost-shodli-se-primatori-v-deklaraci-ministerstvum\" class=\"ek-link\"><strong>Magistr\u00e1tu m\u011bsta Brna<\/strong><\/a>.<\/p>\n\n\n\n<figure class=\"wp-block-image aligncenter size-large is-resized\"><a href=\"https:\/\/metropolitni.brno.cz\/wp-content\/uploads\/2024\/03\/200820__tisk_konfer_komory_statutarnich_mest_SMO_CR_foto_sch035.jpg\"><img loading=\"lazy\" decoding=\"async\" width=\"1024\" height=\"683\" src=\"https:\/\/metropolitni.brno.cz\/wp-content\/uploads\/2024\/03\/200820__tisk_konfer_komory_statutarnich_mest_SMO_CR_foto_sch035-1024x683.jpg\" alt=\"\" class=\"wp-image-8886\" style=\"width:606px;height:auto\" srcset=\"https:\/\/metropolitni.brno.cz\/wp-content\/uploads\/2024\/03\/200820__tisk_konfer_komory_statutarnich_mest_SMO_CR_foto_sch035-1024x683.jpg 1024w, https:\/\/metropolitni.brno.cz\/wp-content\/uploads\/2024\/03\/200820__tisk_konfer_komory_statutarnich_mest_SMO_CR_foto_sch035-300x200.jpg 300w, https:\/\/metropolitni.brno.cz\/wp-content\/uploads\/2024\/03\/200820__tisk_konfer_komory_statutarnich_mest_SMO_CR_foto_sch035-768x512.jpg 768w, https:\/\/metropolitni.brno.cz\/wp-content\/uploads\/2024\/03\/200820__tisk_konfer_komory_statutarnich_mest_SMO_CR_foto_sch035.jpg 1500w\" sizes=\"(max-width: 1024px) 100vw, 1024px\" \/><\/a><\/figure>\n\n\n\n<p>Prvn\u00ed \u010d\u00e1st konference se zam\u011b\u0159ila na pojmenov\u00e1n\u00ed konkr\u00e9tn\u00edch p\u0159\u00ednos\u016f metropolitn\u00ed spolupr\u00e1ce. B\u011bhem tohoto bloku vystoupil nap\u0159\u00edklad profesor Univerzity Karlovy<strong>&nbsp;Lud\u011bk S\u00fdkora<\/strong>, kter\u00fd se soust\u0159edil na p\u0159\u00ednosy metropolitn\u00ed spolupr\u00e1ce ze sociologick\u00e9ho a geografick\u00e9ho pohledu a mj. zm\u00ednil, \u017ee se metropolitn\u00ed regiony staly re\u00e1ln\u00fdmi celky koncentruj\u00edc\u00edmi lidsk\u00e9 \u010dinnosti a rozvoj spole\u010dnosti.&nbsp;<strong>Petr Zahradn\u00edk<\/strong>, ekonomick\u00fd expert z&nbsp;Evropsk\u00e9ho hospod\u00e1\u0159sk\u00e9ho a soci\u00e1ln\u00edho v\u00fdboru, zhodnotil konkr\u00e9tn\u00ed ekonomick\u00e9 p\u0159\u00ednosy integrovan\u00e9ho p\u0159\u00edstupu. Dopady projekt\u016f, kter\u00e9 jsou \u0159e\u0161eny&nbsp;<strong>integrovan\u011b, daleko p\u0159esahuj\u00ed (o cca 20\u201325&nbsp;%)<\/strong>&nbsp;dopady projekt\u016f, kter\u00e9 se \u0159e\u0161\u00ed individu\u00e1ln\u00ed cestou.&nbsp;<strong>David Sl\u00e1ma<\/strong>&nbsp;z&nbsp;Ministerstva vnitra \u010cR nast\u00ednil mo\u017en\u00e9 \u0159e\u0161en\u00ed institucionalizace metropolitn\u00ed spolupr\u00e1ce v&nbsp;\u010desk\u00fdch podm\u00ednk\u00e1ch. Zd\u016fraznil p\u0159edev\u0161\u00edm nutnost shody statut\u00e1rn\u00edch m\u011bst sm\u011brem k&nbsp;v\u011bt\u0161\u00edmu zam\u011b\u0159en\u00ed se na metropolitn\u00ed problematiku, p\u0159i\u010dem\u017e ide\u00e1ln\u00ed reakc\u00ed je pr\u00e1v\u011b v\u00fd\u0161e zmi\u0148ovan\u00e1 deklarace.<\/p>\n\n\n\n<p>N\u00e1sledn\u00e1 panelov\u00e1 diskuze vrcholn\u00fdch politick\u00fdch z\u00e1stupc\u016f \u2013&nbsp;<strong>Martin Charv\u00e1t<\/strong>&nbsp;(prim\u00e1tor m\u011bsta Pardubice),&nbsp;<strong>David Koppitz<\/strong>&nbsp;(MMR \u010cR),&nbsp;<strong>David Sl\u00e1ma<\/strong>&nbsp;(MV \u010cR),&nbsp;<strong>Radka Vladykov\u00e1<\/strong> (SMO\u010cR) \u2013 m\u011bla za \u00fakol p\u0159\u00ednosy metropolitn\u00ed spolupr\u00e1ce reflektovat. \u00da\u010dastnici panelu debatovali o mo\u017enostech pr\u00e1vn\u00edho ukotven\u00ed metropolitn\u00ed spolupr\u00e1ce nap\u0159\u00edklad formou <strong>metropolitn\u00edho svazku obc\u00ed<\/strong>. Zd\u016fraznili rovn\u011b\u017e podporu&nbsp;strategick\u00fdch metropolitn\u00edch n\u00e1stroj\u016f nap\u0159.&nbsp;<strong>metropolitn\u00edho \u00fazemn\u00edho pl\u00e1nu, metropolitn\u00ed rozvojov\u00e9 agentury \u010di sd\u00edlen\u00e9ho fondu pro rozvoj metropolitn\u00ed oblasti.&nbsp;<\/strong>Institucionalizace by v\u0161ak nem\u011bla b\u00fdt prim\u00e1rn\u00edm c\u00edlem.<\/p>\n\n\n\n<figure class=\"wp-block-gallery has-nested-images columns-default is-cropped wp-block-gallery-1 is-layout-flex wp-block-gallery-is-layout-flex\">\n<figure class=\"wp-block-image size-large\"><a href=\"https:\/\/metropolitni.brno.cz\/wp-content\/uploads\/2024\/03\/200820_konfer_prinosy_metropol_spoluprace_foto_sch035.jpg\"><img loading=\"lazy\" decoding=\"async\" width=\"1024\" height=\"683\" data-id=\"8887\" src=\"https:\/\/metropolitni.brno.cz\/wp-content\/uploads\/2024\/03\/200820_konfer_prinosy_metropol_spoluprace_foto_sch035-1024x683.jpg\" alt=\"\" class=\"wp-image-8887\" srcset=\"https:\/\/metropolitni.brno.cz\/wp-content\/uploads\/2024\/03\/200820_konfer_prinosy_metropol_spoluprace_foto_sch035-1024x683.jpg 1024w, https:\/\/metropolitni.brno.cz\/wp-content\/uploads\/2024\/03\/200820_konfer_prinosy_metropol_spoluprace_foto_sch035-300x200.jpg 300w, https:\/\/metropolitni.brno.cz\/wp-content\/uploads\/2024\/03\/200820_konfer_prinosy_metropol_spoluprace_foto_sch035-768x512.jpg 768w, https:\/\/metropolitni.brno.cz\/wp-content\/uploads\/2024\/03\/200820_konfer_prinosy_metropol_spoluprace_foto_sch035.jpg 1500w\" sizes=\"(max-width: 1024px) 100vw, 1024px\" \/><\/a><\/figure>\n\n\n\n<figure class=\"wp-block-image size-large\"><a href=\"https:\/\/metropolitni.brno.cz\/wp-content\/uploads\/2024\/03\/200820_konfer_prinosy_metropol_spoluprace_foto_sch031.jpg\"><img loading=\"lazy\" decoding=\"async\" width=\"1024\" height=\"683\" data-id=\"8888\" src=\"https:\/\/metropolitni.brno.cz\/wp-content\/uploads\/2024\/03\/200820_konfer_prinosy_metropol_spoluprace_foto_sch031-1024x683.jpg\" alt=\"\" class=\"wp-image-8888\" srcset=\"https:\/\/metropolitni.brno.cz\/wp-content\/uploads\/2024\/03\/200820_konfer_prinosy_metropol_spoluprace_foto_sch031-1024x683.jpg 1024w, https:\/\/metropolitni.brno.cz\/wp-content\/uploads\/2024\/03\/200820_konfer_prinosy_metropol_spoluprace_foto_sch031-300x200.jpg 300w, https:\/\/metropolitni.brno.cz\/wp-content\/uploads\/2024\/03\/200820_konfer_prinosy_metropol_spoluprace_foto_sch031-768x512.jpg 768w, https:\/\/metropolitni.brno.cz\/wp-content\/uploads\/2024\/03\/200820_konfer_prinosy_metropol_spoluprace_foto_sch031.jpg 1500w\" sizes=\"(max-width: 1024px) 100vw, 1024px\" \/><\/a><\/figure>\n\n\n\n<figure class=\"wp-block-image size-large\"><a href=\"https:\/\/metropolitni.brno.cz\/wp-content\/uploads\/2024\/03\/200820_konfer_prinosy_metropol_spoluprace_foto_sch006.jpg\"><img loading=\"lazy\" decoding=\"async\" width=\"1024\" height=\"683\" data-id=\"8889\" src=\"https:\/\/metropolitni.brno.cz\/wp-content\/uploads\/2024\/03\/200820_konfer_prinosy_metropol_spoluprace_foto_sch006-1024x683.jpg\" alt=\"\" class=\"wp-image-8889\" srcset=\"https:\/\/metropolitni.brno.cz\/wp-content\/uploads\/2024\/03\/200820_konfer_prinosy_metropol_spoluprace_foto_sch006-1024x683.jpg 1024w, https:\/\/metropolitni.brno.cz\/wp-content\/uploads\/2024\/03\/200820_konfer_prinosy_metropol_spoluprace_foto_sch006-300x200.jpg 300w, https:\/\/metropolitni.brno.cz\/wp-content\/uploads\/2024\/03\/200820_konfer_prinosy_metropol_spoluprace_foto_sch006-768x512.jpg 768w, https:\/\/metropolitni.brno.cz\/wp-content\/uploads\/2024\/03\/200820_konfer_prinosy_metropol_spoluprace_foto_sch006.jpg 1500w\" sizes=\"(max-width: 1024px) 100vw, 1024px\" \/><\/a><\/figure>\n<\/figure>\n\n\n\n<p>N\u00e1sledovala panelov\u00e1 diskuze s&nbsp;metropolitn\u00edmi l\u00eddry Brn\u011bnsk\u00e9 metropolitn\u00ed oblasti, odborn\u00edky, kte\u0159\u00ed se aktivn\u011b pod\u00edleli na vytv\u00e1\u0159en\u00ed metropolitn\u00edch projekt\u016f. Jednotliv\u00ed l\u00edd\u0159i \u2013\u00a0<strong>Filip Chv\u00e1tal<\/strong>\u00a0(radn\u00ed m\u011bsta Brna),\u00a0<strong>Ond\u0159ej Mul\u00ed\u010dek<\/strong>\u00a0(Masarykova univerzita),\u00a0<strong>Jan Vitula<\/strong>\u00a0(starosta \u017didlochovic, n\u00e1m\u011bstek hejtmana JMK),\u00a0<strong>Marie Zez\u016flkov\u00e1<\/strong>\u00a0(MMR \u010cR) \u2013 p\u0159edstavili\u00a0<a href=\"https:\/\/metropolitni.brno.cz\/en\/projekty\/\" class=\"ek-link\"><strong>\u00fasp\u011b\u0161n\u00e9 integrovan\u00e9 projekty<\/strong><\/a>, \u0159e\u0161en\u00ed a zku\u0161enosti, kter\u00e9 za jejich prac\u00ed stoj\u00ed. Spole\u010dn\u011b se shodli, \u017ee rozvoj metropolitn\u00ed spolupr\u00e1ce nen\u00ed jen o v\u011bcn\u00fdch t\u00e9matech, ale tak\u00e9 o zvy\u0161ov\u00e1n\u00ed pov\u011bdom\u00ed, vz\u00e1jemn\u00e9 d\u016fv\u011bry a soun\u00e1le\u017eitosti. T\u00e9matem druh\u00e9 \u010d\u00e1sti konference byla prezentace konkr\u00e9tn\u00edch integrovan\u00fdch \u0159e\u0161en\u00ed a toho, co se povedlo b\u011bhem tohoto programov\u00e9ho obdob\u00ed.\u00a0<strong>Michaela Kudynov\u00e1,<\/strong>\u00a0koordin\u00e1torka spolupr\u00e1ce Hradecko-pardubick\u00e9 aglomerace, prezentovala konkr\u00e9tn\u00ed projekty z&nbsp;oblasti kultury, kter\u00e9 byly d\u00edky n\u00e1stroji ITI podpo\u0159eny, a\u00a0<strong>Petr \u0160a\u0161inka<\/strong>, vedouc\u00ed odd\u011blen\u00ed \u0159\u00edzen\u00ed ITI a metropolitn\u00ed spolupr\u00e1ce MMB, se zam\u011b\u0159il na to, jak konkr\u00e9tn\u011b komunikovat metropolitn\u00ed projekty a my\u0161lenky metropolitn\u00ed spolupr\u00e1ce. Zd\u016fraznil p\u0159edev\u0161\u00edm tzv.\u00a0<a href=\"https:\/\/metropolitni.brno.cz\/wp-content\/uploads\/2024\/02\/Brnenska-metropolitni-oblast_letak.pdf\" class=\"ek-link\"><strong><a href=\"https:\/\/metropolitni.brno.cz\/wp-content\/uploads\/2020\/04\/Brne%CC%8Cnska%CC%81-metropolitni%CC%81-oblast_leta%CC%81k.pdf\">desatero dobr\u00e9 praxe<\/a>.<\/strong><\/a><\/p>\n\n\n\n<figure class=\"wp-block-gallery has-nested-images columns-default is-cropped wp-block-gallery-2 is-layout-flex wp-block-gallery-is-layout-flex\">\n<figure class=\"wp-block-image size-large\"><a href=\"https:\/\/metropolitni.brno.cz\/wp-content\/uploads\/2024\/03\/200820_konfer_prinosy_metropol_spoluprace_foto_sch073.jpg\"><img loading=\"lazy\" decoding=\"async\" width=\"1024\" height=\"683\" data-id=\"8890\" src=\"https:\/\/metropolitni.brno.cz\/wp-content\/uploads\/2024\/03\/200820_konfer_prinosy_metropol_spoluprace_foto_sch073-1024x683.jpg\" alt=\"\" class=\"wp-image-8890\" srcset=\"https:\/\/metropolitni.brno.cz\/wp-content\/uploads\/2024\/03\/200820_konfer_prinosy_metropol_spoluprace_foto_sch073-1024x683.jpg 1024w, https:\/\/metropolitni.brno.cz\/wp-content\/uploads\/2024\/03\/200820_konfer_prinosy_metropol_spoluprace_foto_sch073-300x200.jpg 300w, https:\/\/metropolitni.brno.cz\/wp-content\/uploads\/2024\/03\/200820_konfer_prinosy_metropol_spoluprace_foto_sch073-768x512.jpg 768w, https:\/\/metropolitni.brno.cz\/wp-content\/uploads\/2024\/03\/200820_konfer_prinosy_metropol_spoluprace_foto_sch073.jpg 1500w\" sizes=\"(max-width: 1024px) 100vw, 1024px\" \/><\/a><\/figure>\n\n\n\n<figure class=\"wp-block-image size-large\"><a href=\"https:\/\/metropolitni.brno.cz\/wp-content\/uploads\/2024\/03\/200820_konfer_prinosy_metropol_spoluprace_foto_sch061.jpg\"><img loading=\"lazy\" decoding=\"async\" width=\"1024\" height=\"683\" data-id=\"8891\" src=\"https:\/\/metropolitni.brno.cz\/wp-content\/uploads\/2024\/03\/200820_konfer_prinosy_metropol_spoluprace_foto_sch061-1024x683.jpg\" alt=\"\" class=\"wp-image-8891\" srcset=\"https:\/\/metropolitni.brno.cz\/wp-content\/uploads\/2024\/03\/200820_konfer_prinosy_metropol_spoluprace_foto_sch061-1024x683.jpg 1024w, https:\/\/metropolitni.brno.cz\/wp-content\/uploads\/2024\/03\/200820_konfer_prinosy_metropol_spoluprace_foto_sch061-300x200.jpg 300w, https:\/\/metropolitni.brno.cz\/wp-content\/uploads\/2024\/03\/200820_konfer_prinosy_metropol_spoluprace_foto_sch061-768x512.jpg 768w, https:\/\/metropolitni.brno.cz\/wp-content\/uploads\/2024\/03\/200820_konfer_prinosy_metropol_spoluprace_foto_sch061.jpg 1500w\" sizes=\"(max-width: 1024px) 100vw, 1024px\" \/><\/a><\/figure>\n\n\n\n<figure class=\"wp-block-image size-large\"><a href=\"https:\/\/metropolitni.brno.cz\/wp-content\/uploads\/2024\/03\/200820_konfer_prinosy_metropol_spoluprace_foto_sch060.jpg\"><img loading=\"lazy\" decoding=\"async\" width=\"1024\" height=\"683\" data-id=\"8892\" src=\"https:\/\/metropolitni.brno.cz\/wp-content\/uploads\/2024\/03\/200820_konfer_prinosy_metropol_spoluprace_foto_sch060-1024x683.jpg\" alt=\"\" class=\"wp-image-8892\" srcset=\"https:\/\/metropolitni.brno.cz\/wp-content\/uploads\/2024\/03\/200820_konfer_prinosy_metropol_spoluprace_foto_sch060-1024x683.jpg 1024w, https:\/\/metropolitni.brno.cz\/wp-content\/uploads\/2024\/03\/200820_konfer_prinosy_metropol_spoluprace_foto_sch060-300x200.jpg 300w, https:\/\/metropolitni.brno.cz\/wp-content\/uploads\/2024\/03\/200820_konfer_prinosy_metropol_spoluprace_foto_sch060-768x512.jpg 768w, https:\/\/metropolitni.brno.cz\/wp-content\/uploads\/2024\/03\/200820_konfer_prinosy_metropol_spoluprace_foto_sch060.jpg 1500w\" sizes=\"(max-width: 1024px) 100vw, 1024px\" \/><\/a><\/figure>\n<\/figure>\n\n\n\n<p>Z\u00e1v\u011bre\u010dn\u00e9 shrnut\u00ed konference provedl radn\u00ed&nbsp;<strong>Filip Chv\u00e1tal.<\/strong>&nbsp;Zd\u016fraznil, \u017ee velk\u00fdm pozitivem konference byl fakt, \u017ee se se\u0161li v&nbsp;hojn\u00e9m po\u010dtu jak prim\u00e1to\u0159i statut\u00e1rn\u00edch m\u011bst a starostov\u00e9 jednotliv\u00fdch obc\u00ed v&nbsp;r\u00e1mci dan\u00fdch metropolitn\u00edch oblast\u00ed, tak z\u00e1stupci ministerstev a specialist\u00e9 na urbanismus, a to i v&nbsp;t\u00e9to nelehk\u00e9 dob\u011b. Filip Chv\u00e1tal z\u00e1rove\u0148 uvedl, \u017ee je nutn\u00e9, aby v\u0161ichni stakeholde\u0159i v&nbsp;\u00fazem\u00ed&nbsp;<strong>jednali metropolitn\u011b<\/strong>, tzn. sd\u00edleli p\u0159\u00edklady dobr\u00e9 i \u0161patn\u00e9 praxe a zapojili se aktivn\u011b do metropolitn\u00ed spolupr\u00e1ce. Na z\u00e1v\u011br rovn\u011b\u017e zd\u016fraznil d\u016fle\u017eitost podepsan\u00e9 deklarace, kter\u00e1 by m\u011bla nastartovat podporu metropolitn\u00ed problematiky a diskuzi s&nbsp;n\u00e1rodn\u00edmi org\u00e1ny.<\/p>\n\n\n\n<p>V\u00fdstupy konference najdete rovn\u011b\u017e na Twitteru pod hashtagem\u00a0\u00a0<a href=\"https:\/\/twitter.com\/search?q=jednejmetropolitne&amp;src=typed_query\" class=\"ek-link\"><strong>#jednejmetropolitne<\/strong><\/a>.<\/p>\n\n\n\n<p>Ve\u0161ker\u00e9 podklady z&nbsp;konference naleznete ke sta\u017een\u00ed&nbsp;pod t\u011bmito odkazy:<\/p>\n\n\n\n<ul>\n<li><strong>Lud\u011bk S\u00fdkora<\/strong>\u00a0\u2013\u00a0<a href=\"https:\/\/metropolitni.brno.cz\/wp-content\/uploads\/2024\/07\/Sykora-Metropolitni-spoluprace-2020-1.pdf\" class=\"ek-link\"><strong>Metropolitn\u00ed spolupr\u00e1ce: Pro\u010d ji pot\u0159ebujeme a kde jsme<\/strong><\/a><\/li>\n\n\n\n<li><strong>Petr Zahradn\u00edk<\/strong>\u00a0\u2013\u00a0<a href=\"https:\/\/metropolitni.brno.cz\/wp-content\/uploads\/2024\/07\/Konference-Brno-Metropolitni-spoluprace-srpen-2020.pdf\" class=\"ek-link\"><strong>Ekonomick\u00fd pohled na v\u00fdhodnost metropolitn\u00ed spolupr\u00e1ce<\/strong><\/a><\/li>\n\n\n\n<li><strong>David Sl\u00e1ma<\/strong>\u00a0\u2013\u00a0<a href=\"https:\/\/metropolitni.brno.cz\/wp-content\/uploads\/2024\/07\/Prezentace_Slama.pdf\" class=\"ek-link\"><strong>V\u00fdkon ve\u0159ejn\u00e9 spr\u00e1vy v&nbsp;metropolitn\u00edch oblastech a aglomerac\u00edch<\/strong><\/a><\/li>\n\n\n\n<li><strong>Michaela Kudynov\u00e1<\/strong>\u00a0\u2013\u00a0<a href=\"https:\/\/metropolitni.brno.cz\/wp-content\/uploads\/2024\/07\/prezentace_konference_PL%E2%84%A2A_nosy-metropolitnA_-spoluprA%CB%87ce-pro-obce-regiony-a-stA%CB%87t.pdf\" class=\"ek-link\"><strong>Integrovan\u00e1 \u0159e\u0161en\u00ed ITI Hradecko-pardubick\u00e9 aglomerace v&nbsp;oblasti kultury<\/strong><\/a><\/li>\n\n\n\n<li><strong>Petr \u0160a\u0161inka\u00a0<\/strong>\u2013\u00a0\u00a0<a href=\"https:\/\/metropolitni.brno.cz\/wp-content\/uploads\/2024\/07\/ppt_Sasinka_draft-1.pdf\" class=\"ek-link\"><strong>Kam by se mohla metropolitn\u00ed spolupr\u00e1ce a jej\u00ed komunikace ub\u00edrat do budoucna?<\/strong><\/a><\/li>\n\n\n\n<li><a href=\"https:\/\/metropolitni.brno.cz\/wp-content\/uploads\/2024\/07\/Informacni-brozura-ke-konferenci.pdf\" class=\"ek-link\"><strong>Informa\u010dn\u00ed bro\u017eura ke konferenci<\/strong><\/a><\/li>\n<\/ul>\n\n\n\n<p>V&nbsp;pr\u016fb\u011bhu konference jste takt\u00e9\u017e vyu\u017e\u00edvali aplikaci Sli.do. Z\u00e1v\u011bry Va\u0161eho hlasov\u00e1n\u00ed p\u0159ikl\u00e1d\u00e1me n\u00ed\u017ee.<\/p>\n\n\n\n<figure class=\"wp-block-gallery has-nested-images columns-default is-cropped wp-block-gallery-3 is-layout-flex wp-block-gallery-is-layout-flex\">\n<figure class=\"wp-block-image size-large\"><a href=\"https:\/\/metropolitni.brno.cz\/wp-content\/uploads\/2024\/03\/3.png\"><img loading=\"lazy\" decoding=\"async\" width=\"529\" height=\"469\" data-id=\"8895\" src=\"https:\/\/metropolitni.brno.cz\/wp-content\/uploads\/2024\/03\/3.png\" alt=\"\" class=\"wp-image-8895\" srcset=\"https:\/\/metropolitni.brno.cz\/wp-content\/uploads\/2024\/03\/3.png 529w, https:\/\/metropolitni.brno.cz\/wp-content\/uploads\/2024\/03\/3-300x266.png 300w\" sizes=\"(max-width: 529px) 100vw, 529px\" \/><\/a><\/figure>\n\n\n\n<figure class=\"wp-block-image size-large\"><a href=\"https:\/\/metropolitni.brno.cz\/wp-content\/uploads\/2024\/03\/2.png\"><img loading=\"lazy\" decoding=\"async\" width=\"527\" height=\"350\" data-id=\"8893\" src=\"https:\/\/metropolitni.brno.cz\/wp-content\/uploads\/2024\/03\/2.png\" alt=\"\" class=\"wp-image-8893\" srcset=\"https:\/\/metropolitni.brno.cz\/wp-content\/uploads\/2024\/03\/2.png 527w, https:\/\/metropolitni.brno.cz\/wp-content\/uploads\/2024\/03\/2-300x199.png 300w\" sizes=\"(max-width: 527px) 100vw, 527px\" \/><\/a><\/figure>\n\n\n\n<figure class=\"wp-block-image size-large\"><a href=\"https:\/\/metropolitni.brno.cz\/wp-content\/uploads\/2024\/03\/1-2.png\"><img loading=\"lazy\" decoding=\"async\" width=\"535\" height=\"331\" data-id=\"8894\" src=\"https:\/\/metropolitni.brno.cz\/wp-content\/uploads\/2024\/03\/1-2.png\" alt=\"\" class=\"wp-image-8894\" srcset=\"https:\/\/metropolitni.brno.cz\/wp-content\/uploads\/2024\/03\/1-2.png 535w, https:\/\/metropolitni.brno.cz\/wp-content\/uploads\/2024\/03\/1-2-300x186.png 300w\" sizes=\"(max-width: 535px) 100vw, 535px\" \/><\/a><\/figure>\n<\/figure>\n","protected":false},"excerpt":{"rendered":"<p>P\u0159\u00ednosy metropolitn\u00ed spolupr\u00e1ce (2020) Ve \u010dtvrtek 20.&nbsp;srpna 2020 se v&nbsp;prostor\u00e1ch hotelu Atlantis Brno uskute\u010dnila konference&nbsp;P\u0159\u00ednosy metropolitn\u00ed spolupr\u00e1ce pro obce, regiony a st\u00e1t. Konference se konala pod z\u00e1\u0161titou ministryn\u011b pro m\u00edstn\u00ed rozvoj&nbsp;Ing. Kl\u00e1ry Dost\u00e1lov\u00e9, ministra vnitra&nbsp;Jana Ham\u00e1\u010dka, hejtmana Jihomoravsk\u00e9ho kraje&nbsp;JUDr. Bohumila \u0160imka, p\u0159edsedy Svazu m\u011bst a obc\u00ed \u010cR Mgr.&nbsp;Franti\u0161ka Lukla, p\u0159edsedy Asociace kraj\u016f \u010cR&nbsp;MUDr. Ji\u0159\u00edho B\u011bhounka&nbsp;a<\/p>\n","protected":false},"author":1,"featured_media":9077,"parent":0,"menu_order":54,"comment_status":"closed","ping_status":"closed","template":"","meta":{"_editorskit_title_hidden":false,"_editorskit_reading_time":0,"_editorskit_is_block_options_detached":false,"_editorskit_block_options_position":"{}","footnotes":""},"acf":[],"aioseo_notices":[],"_links":{"self":[{"href":"https:\/\/metropolitni.brno.cz\/en\/wp-json\/wp\/v2\/pages\/10539"}],"collection":[{"href":"https:\/\/metropolitni.brno.cz\/en\/wp-json\/wp\/v2\/pages"}],"about":[{"href":"https:\/\/metropolitni.brno.cz\/en\/wp-json\/wp\/v2\/types\/page"}],"author":[{"embeddable":true,"href":"https:\/\/metropolitni.brno.cz\/en\/wp-json\/wp\/v2\/users\/1"}],"replies":[{"embeddable":true,"href":"https:\/\/metropolitni.brno.cz\/en\/wp-json\/wp\/v2\/comments?post=10539"}],"version-history":[{"count":3,"href":"https:\/\/metropolitni.brno.cz\/en\/wp-json\/wp\/v2\/pages\/10539\/revisions"}],"predecessor-version":[{"id":14061,"href":"https:\/\/metropolitni.brno.cz\/en\/wp-json\/wp\/v2\/pages\/10539\/revisions\/14061"}],"wp:featuredmedia":[{"embeddable":true,"href":"https:\/\/metropolitni.brno.cz\/en\/wp-json\/wp\/v2\/media\/9077"}],"wp:attachment":[{"href":"https:\/\/metropolitni.brno.cz\/en\/wp-json\/wp\/v2\/media?parent=10539"}],"curies":[{"name":"wp","href":"https:\/\/api.w.org\/{rel}","templated":true}]}}