{"id":10538,"date":"2024-03-03T18:50:52","date_gmt":"2024-03-03T18:50:52","guid":{"rendered":"https:\/\/metropolitni.brno.cz\/metropolitni-konference\/budoucnost-metropolitni-spoluprace-2019\/"},"modified":"2025-06-09T10:45:02","modified_gmt":"2025-06-09T10:45:02","slug":"budoucnost-metropolitni-spoluprace-2019","status":"publish","type":"page","link":"https:\/\/metropolitni.brno.cz\/en\/budoucnost-metropolitni-spoluprace-2019\/","title":{"rendered":"Budoucnost metropolitn\u00ed spolupr\u00e1ce (2019)"},"content":{"rendered":"\n<h1 class=\"wp-block-heading\">Budoucnost metropolitn\u00ed spolupr\u00e1ce (2019)<\/h1>\n\n\n\n<h3 class=\"wp-block-heading\"><strong><em>Jak\u00e1 je budoucnost metropolitn\u00ed spolupr\u00e1ce v&nbsp;\u010cR? Perspektivy lok\u00e1ln\u00ed, region\u00e1ln\u00ed a&nbsp;n\u00e1rodn\u00ed \u00farovn\u011b<\/em><\/strong><\/h3>\n\n\n\n<p>Ve \u010dtvrtek 7.&nbsp;\u00fanora 2019 se v&nbsp;prostor\u00e1ch resortu Kask\u00e1da u&nbsp;Ku\u0159imi uskute\u010dnila odborn\u00e1 konference s&nbsp;n\u00e1zvem&nbsp;<strong>\u201eJak\u00e1 je budoucnost metropolitn\u00ed spolupr\u00e1ce v&nbsp;\u010cR? Perspektivy lok\u00e1ln\u00ed, region\u00e1ln\u00ed a&nbsp;n\u00e1rodn\u00ed \u00farovn\u011b\u201c<\/strong>. Konference se konala pod z\u00e1\u0161titou&nbsp;<strong>ministryn\u011b pro m\u00edstn\u00ed rozvoj Kl\u00e1ry Dost\u00e1lov\u00e9<\/strong>,&nbsp;<strong>hejtmana Jihomoravsk\u00e9ho kraje Bohumila \u0160imka<\/strong> a&nbsp;<strong>Svazu m\u011bst a&nbsp;obc\u00ed \u010cR<\/strong>. Jedn\u00e1n\u00ed uk\u00e1zala, \u017ee&nbsp;o&nbsp;t\u00e9matu metropolitn\u00ed spolupr\u00e1ce je nutn\u00e9 diskutovat i&nbsp;v&nbsp;budoucnu.<\/p>\n\n\n\n<p>Hlavn\u00edm c\u00edlem konference bylo spole\u010dn\u011b s&nbsp;odborn\u00edky a&nbsp;politick\u00fdmi z\u00e1stupci dot\u010den\u00fdch ministerstev, kraj\u016f, m\u011bst a&nbsp;obc\u00ed odborn\u011b pojmenovat a&nbsp;vymezit p\u0159\u00edle\u017eitosti a&nbsp;v\u00fdzvy budouc\u00ed metropolitn\u00ed spolupr\u00e1ce v&nbsp;\u010cR. Konference nast\u00ednila, jak by m\u011bla b\u00fdt nastavena metropolitn\u00ed spolupr\u00e1ce v&nbsp;r\u00e1mci \u010cesk\u00e9 republiky, tak aby i&nbsp;velk\u00e9 aglomerace um\u011bly efektivn\u011b \u010delit novodob\u00fdm v\u00fdzv\u00e1m a&nbsp;b\u00fdt atraktivn\u011bj\u0161\u00ed pro ob\u010dany a&nbsp;potencion\u00e1ln\u00ed investory.<\/p>\n\n\n\n<figure class=\"wp-block-image aligncenter size-large is-resized\"><a href=\"https:\/\/metropolitni.brno.cz\/wp-content\/uploads\/2024\/03\/1-BMO.jpg\"><img loading=\"lazy\" decoding=\"async\" width=\"1024\" height=\"682\" src=\"https:\/\/metropolitni.brno.cz\/wp-content\/uploads\/2024\/03\/1-BMO-1024x682.jpg\" alt=\"\" class=\"wp-image-8900\" style=\"width:504px;height:auto\" srcset=\"https:\/\/metropolitni.brno.cz\/wp-content\/uploads\/2024\/03\/1-BMO-1024x682.jpg 1024w, https:\/\/metropolitni.brno.cz\/wp-content\/uploads\/2024\/03\/1-BMO-300x200.jpg 300w, https:\/\/metropolitni.brno.cz\/wp-content\/uploads\/2024\/03\/1-BMO-768x512.jpg 768w, https:\/\/metropolitni.brno.cz\/wp-content\/uploads\/2024\/03\/1-BMO.jpg 1280w\" sizes=\"(max-width: 1024px) 100vw, 1024px\" \/><\/a><\/figure>\n\n\n\n<p>Prvn\u00ed \u010d\u00e1st konference se zam\u011b\u0159ila na&nbsp;<strong>pohled lok\u00e1ln\u00ed a region\u00e1ln\u00ed \u00farovn\u011b<\/strong>. B\u011bhem tohoto bloku vystoupil a z\u00fa\u010dastnil se panelov\u00e9 diskuse hlavn\u00ed architekt Arch. Design Group&nbsp;<strong>Jaroslav Dokoupil<\/strong>, jeho\u017e p\u0159\u00edsp\u011bvek byl zam\u011b\u0159en na definov\u00e1n\u00ed z\u00e1kladn\u00edch bari\u00e9r spolupr\u00e1ce v&nbsp;r\u00e1mci \u00fazemn\u00edho rozvoje.&nbsp;<strong>Petr \u0160a\u0161inka<\/strong>, vedouc\u00ed odd\u011blen\u00ed \u0159\u00edzen\u00ed ITI a metropolitn\u00ed spolupr\u00e1ce, b\u011bhem sv\u00e9ho p\u0159\u00edsp\u011bvku zhodnotil sou\u010dasn\u00fd stav Brn\u011bnsk\u00e9 metropolitn\u00ed oblasti a vizi jej\u00edho rozvoje po roce 2020. N\u00e1sledovala diskuze o p\u0159\u00ednosech spolupr\u00e1ce na metropolitn\u00ed \u00farovni a nastaven\u00edm t\u00e9to spolupr\u00e1ce i do budoucna \u2013 sou\u010d\u00e1st\u00ed tohoto panelu byli&nbsp;<strong>Tom\u00e1\u0161 Kol\u00e1\u010dn\u00fd<\/strong>&nbsp;(n\u00e1m\u011bstek prim\u00e1torky m\u011bsta Brna),&nbsp;<strong>Jan Vitula<\/strong>&nbsp;(n\u00e1m\u011bstek hejtmana Jihomoravsk\u00e9ho kraje, starosta m\u011bsta \u017didlochovice)&nbsp;a&nbsp;<strong>Petr Durd\u00edk<\/strong>&nbsp;(p\u0159edseda Asociace pro \u00fazemn\u00ed pl\u00e1nov\u00e1n\u00ed a urbanismus).<\/p>\n\n\n\n<p>Diskuzn\u00edm t\u00e9matem druh\u00e9 \u010d\u00e1sti konference byl&nbsp;<strong>pohled n\u00e1rodn\u00ed \u00farovn\u011b<\/strong>. Profesor Karlovy univerzity<strong>&nbsp;Lud\u011bk S\u00fdkora<\/strong>&nbsp;p\u0159edstavil p\u0159\u00ednosy metropolitn\u00ed spolupr\u00e1ce,&nbsp;<strong>David Koppitz<\/strong> zastupuj\u00edc\u00ed Ministerstvo pro m\u00edstn\u00ed rozvoj \u010cR nast\u00ednil metropolitn\u00ed spolupr\u00e1ci v&nbsp;kontextu budouc\u00ed region\u00e1ln\u00ed politiky. B\u011bhem n\u00e1sleduj\u00edc\u00ed panelov\u00e9 diskuze, kter\u00e9 se krom\u011b Lu\u010fka&nbsp;S\u00fdkory z\u00fa\u010dastnili&nbsp;<strong>Michal Bou\u0161ka<\/strong>&nbsp;(KVB advok\u00e1tn\u00ed kancel\u00e1\u0159 s.r.o.),&nbsp;<strong>Zden\u011bk Semor\u00e1d<\/strong>&nbsp;(n\u00e1m\u011bstek pro \u0159\u00edzen\u00ed sekce evropsk\u00fdch a n\u00e1rodn\u00edch program\u016f, MMR \u010cR) a&nbsp;<strong>David Sl\u00e1ma<\/strong>&nbsp;(\u0159editel odboru strategick\u00e9ho rozvoje a koordinace ve\u0159ejn\u00e9 spr\u00e1vy, MV \u010cR),&nbsp;se hodnotily mo\u017enosti podpory metropolitn\u00ed spolupr\u00e1ce a formy mo\u017en\u00fdch legislativn\u00edch \u00faprav t\u00e9to problematiky. \u00da\u010dastnici panelu se shodli, \u017ee je nutn\u00e9 metropolitn\u00ed oblasti pr\u00e1vn\u011b ukotvit, aby se daly tyto celky efektivn\u011b \u0159\u00eddit, p\u0159i\u010dem\u017e jedn\u00edm z&nbsp;\u0159e\u0161en\u00ed je existence metropolitn\u00edho svazku obc\u00ed.<\/p>\n\n\n\n<p>Z\u00e1v\u011bre\u010dn\u00e9 shrnut\u00ed konference podal spole\u010dn\u011b s&nbsp;brn\u011bnskou prim\u00e1torkou&nbsp;<strong>Mark\u00e9tou Va\u0148kovou&nbsp;<\/strong>tak\u00e9 poslanec&nbsp;<strong>Ivan Barto\u0161<\/strong>. Ten zd\u016fraznil, \u017ee&nbsp;velk\u00fdm pozitivem konference byl fakt, \u017ee&nbsp;se se\u0161li jak prim\u00e1to\u0159i statut\u00e1rn\u00edch m\u011bst a&nbsp;starostov\u00e9 jednotliv\u00fdch obc\u00ed v&nbsp;r\u00e1mci dan\u00fdch metropolitn\u00edch oblast\u00ed, tak i&nbsp;z\u00e1stupci dvou ministerstev a&nbsp;specialist\u00e9 na&nbsp;urbanismus a&nbsp;realizaci metropolitn\u00edch projekt\u016f. Jednalo se tak podle jeho slov o&nbsp;konferenci velmi otev\u0159enou, kter\u00e1 se sna\u017eila naj\u00edt skute\u010dn\u00fd spole\u010dn\u00fd z\u00e1jem v\u0161ech jednotliv\u00fdch akt\u00e9r\u016f.<\/p>\n\n\n\n<p>Ve\u0161ker\u00e9 podklady z&nbsp;konference naleznete ke sta\u017een\u00ed&nbsp;pod t\u011bmito odkazy:<\/p>\n\n\n\n<ul>\n<li><strong>Jaroslav Dokoupil<\/strong>&nbsp;\u2013&nbsp;<a href=\"https:\/\/metropolitni.brno.cz\/wp-content\/uploads\/2024\/07\/Jaroslav-Dokoupil-Metropolitni-oblasti-zakladni-bariery-spoluprace-v-kontextu-uzemniho-rozvoje.pdf\" class=\"ek-link\"><strong>Metropolitn\u00ed oblasti, z\u00e1kladn\u00ed bari\u00e9ry spolupr\u00e1ce v&nbsp;kontextu \u00fazemn\u00edho rozvoje<\/strong><\/a><\/li>\n\n\n\n<li><strong>Petr \u0160a\u0161inka<\/strong>&nbsp;\u2013&nbsp;<a href=\"https:\/\/metropolitni.brno.cz\/wp-content\/uploads\/2024\/07\/Petr-Sasinka-Brnenska-metropolitni-oblast-zhodnoceni-soucasneho-stavu-a-vize-rozvoje-po-roce-2020.pdf\" class=\"ek-link\"><strong>Brn\u011bnsk\u00e1 metropolitn\u00ed oblast, zhodnocen\u00ed sou\u010dasn\u00e9ho stavu a vize rozvoje po roce 2020<\/strong><\/a><\/li>\n\n\n\n<li><strong>Lud\u011bk S\u00fdkora<\/strong>&nbsp;\u2013&nbsp;<a href=\"https:\/\/metropolitni.brno.cz\/wp-content\/uploads\/2024\/07\/Ludek-Sykora-Prinosy-metropolitni-spoluprace.pdf\" class=\"ek-link\"><strong>P\u0159\u00ednosy metropolitn\u00ed spolupr\u00e1ce<\/strong><\/a><\/li>\n\n\n\n<li><strong>David Koppitz<\/strong>&nbsp;\u2013&nbsp;<a href=\"https:\/\/metropolitni.brno.cz\/wp-content\/uploads\/2024\/07\/David-Koppitz-Metropolitni-spoluprace-v-kontextu-budouci-regionalni-politiky.pdf\" class=\"ek-link\"><strong>Metropolitn\u00ed spolupr\u00e1ce v&nbsp;kontextu budouc\u00ed region\u00e1ln\u00ed politiky<\/strong><\/a><\/li>\n\n\n\n<li><a href=\"https:\/\/metropolitni.brno.cz\/wp-content\/uploads\/2024\/07\/Brozura_BMO_konference.pdf\" class=\"ek-link\"><strong>Informa\u010dn\u00ed bro\u017eura ke konferenci<\/strong><\/a><\/li>\n\n\n\n<li><a href=\"https:\/\/metropolitni.brno.cz\/wp-content\/uploads\/2024\/07\/Tiskova-zprava.pdf\" class=\"ek-link\"><strong>Tiskov\u00e1 zpr\u00e1va z&nbsp;konference<\/strong><\/a><\/li>\n<\/ul>\n\n\n\n<figure class=\"wp-block-gallery has-nested-images columns-default is-cropped wp-block-gallery-1 is-layout-flex wp-block-gallery-is-layout-flex\">\n<figure class=\"wp-block-image size-large\"><a href=\"https:\/\/metropolitni.brno.cz\/wp-content\/uploads\/2024\/03\/11-BMO-1024x682-1.jpg\"><img loading=\"lazy\" decoding=\"async\" width=\"1024\" height=\"682\" data-id=\"8907\" src=\"https:\/\/metropolitni.brno.cz\/wp-content\/uploads\/2024\/03\/11-BMO-1024x682-1.jpg\" alt=\"\" class=\"wp-image-8907\" srcset=\"https:\/\/metropolitni.brno.cz\/wp-content\/uploads\/2024\/03\/11-BMO-1024x682-1.jpg 1024w, https:\/\/metropolitni.brno.cz\/wp-content\/uploads\/2024\/03\/11-BMO-1024x682-1-300x200.jpg 300w, https:\/\/metropolitni.brno.cz\/wp-content\/uploads\/2024\/03\/11-BMO-1024x682-1-768x512.jpg 768w\" sizes=\"(max-width: 1024px) 100vw, 1024px\" \/><\/a><\/figure>\n\n\n\n<figure class=\"wp-block-image size-large\"><a href=\"https:\/\/metropolitni.brno.cz\/wp-content\/uploads\/2024\/03\/10-BMO-1024x682-1.jpg\"><img loading=\"lazy\" decoding=\"async\" width=\"1024\" height=\"682\" data-id=\"8901\" src=\"https:\/\/metropolitni.brno.cz\/wp-content\/uploads\/2024\/03\/10-BMO-1024x682-1.jpg\" alt=\"\" class=\"wp-image-8901\" srcset=\"https:\/\/metropolitni.brno.cz\/wp-content\/uploads\/2024\/03\/10-BMO-1024x682-1.jpg 1024w, https:\/\/metropolitni.brno.cz\/wp-content\/uploads\/2024\/03\/10-BMO-1024x682-1-300x200.jpg 300w, https:\/\/metropolitni.brno.cz\/wp-content\/uploads\/2024\/03\/10-BMO-1024x682-1-768x512.jpg 768w\" sizes=\"(max-width: 1024px) 100vw, 1024px\" \/><\/a><\/figure>\n\n\n\n<figure class=\"wp-block-image size-large\"><a href=\"https:\/\/metropolitni.brno.cz\/wp-content\/uploads\/2024\/03\/9-BMO-1024x682-1.jpg\"><img loading=\"lazy\" decoding=\"async\" width=\"1024\" height=\"682\" data-id=\"8904\" src=\"https:\/\/metropolitni.brno.cz\/wp-content\/uploads\/2024\/03\/9-BMO-1024x682-1.jpg\" alt=\"\" class=\"wp-image-8904\" srcset=\"https:\/\/metropolitni.brno.cz\/wp-content\/uploads\/2024\/03\/9-BMO-1024x682-1.jpg 1024w, https:\/\/metropolitni.brno.cz\/wp-content\/uploads\/2024\/03\/9-BMO-1024x682-1-300x200.jpg 300w, https:\/\/metropolitni.brno.cz\/wp-content\/uploads\/2024\/03\/9-BMO-1024x682-1-768x512.jpg 768w\" sizes=\"(max-width: 1024px) 100vw, 1024px\" \/><\/a><\/figure>\n\n\n\n<figure class=\"wp-block-image size-large\"><a href=\"https:\/\/metropolitni.brno.cz\/wp-content\/uploads\/2024\/03\/8-BMO-1024x682-1.jpg\"><img loading=\"lazy\" decoding=\"async\" width=\"1024\" height=\"682\" data-id=\"8902\" src=\"https:\/\/metropolitni.brno.cz\/wp-content\/uploads\/2024\/03\/8-BMO-1024x682-1.jpg\" alt=\"\" class=\"wp-image-8902\" srcset=\"https:\/\/metropolitni.brno.cz\/wp-content\/uploads\/2024\/03\/8-BMO-1024x682-1.jpg 1024w, https:\/\/metropolitni.brno.cz\/wp-content\/uploads\/2024\/03\/8-BMO-1024x682-1-300x200.jpg 300w, https:\/\/metropolitni.brno.cz\/wp-content\/uploads\/2024\/03\/8-BMO-1024x682-1-768x512.jpg 768w\" sizes=\"(max-width: 1024px) 100vw, 1024px\" \/><\/a><\/figure>\n\n\n\n<figure class=\"wp-block-image size-large\"><a href=\"https:\/\/metropolitni.brno.cz\/wp-content\/uploads\/2024\/03\/7-BMO-1024x682-1.jpg\"><img loading=\"lazy\" decoding=\"async\" width=\"1024\" height=\"682\" data-id=\"8903\" src=\"https:\/\/metropolitni.brno.cz\/wp-content\/uploads\/2024\/03\/7-BMO-1024x682-1.jpg\" alt=\"\" class=\"wp-image-8903\" srcset=\"https:\/\/metropolitni.brno.cz\/wp-content\/uploads\/2024\/03\/7-BMO-1024x682-1.jpg 1024w, https:\/\/metropolitni.brno.cz\/wp-content\/uploads\/2024\/03\/7-BMO-1024x682-1-300x200.jpg 300w, https:\/\/metropolitni.brno.cz\/wp-content\/uploads\/2024\/03\/7-BMO-1024x682-1-768x512.jpg 768w\" sizes=\"(max-width: 1024px) 100vw, 1024px\" \/><\/a><\/figure>\n\n\n\n<figure class=\"wp-block-image size-large\"><a href=\"https:\/\/metropolitni.brno.cz\/wp-content\/uploads\/2024\/03\/6-BMO-1024x682-1.jpg\"><img loading=\"lazy\" decoding=\"async\" width=\"1024\" height=\"682\" data-id=\"8906\" src=\"https:\/\/metropolitni.brno.cz\/wp-content\/uploads\/2024\/03\/6-BMO-1024x682-1.jpg\" alt=\"\" class=\"wp-image-8906\" srcset=\"https:\/\/metropolitni.brno.cz\/wp-content\/uploads\/2024\/03\/6-BMO-1024x682-1.jpg 1024w, https:\/\/metropolitni.brno.cz\/wp-content\/uploads\/2024\/03\/6-BMO-1024x682-1-300x200.jpg 300w, https:\/\/metropolitni.brno.cz\/wp-content\/uploads\/2024\/03\/6-BMO-1024x682-1-768x512.jpg 768w\" sizes=\"(max-width: 1024px) 100vw, 1024px\" \/><\/a><\/figure>\n\n\n\n<figure class=\"wp-block-image size-large\"><a href=\"https:\/\/metropolitni.brno.cz\/wp-content\/uploads\/2024\/03\/5-BMO-1024x682-1.jpg\"><img loading=\"lazy\" decoding=\"async\" width=\"1024\" height=\"682\" data-id=\"8905\" src=\"https:\/\/metropolitni.brno.cz\/wp-content\/uploads\/2024\/03\/5-BMO-1024x682-1.jpg\" alt=\"\" class=\"wp-image-8905\" srcset=\"https:\/\/metropolitni.brno.cz\/wp-content\/uploads\/2024\/03\/5-BMO-1024x682-1.jpg 1024w, https:\/\/metropolitni.brno.cz\/wp-content\/uploads\/2024\/03\/5-BMO-1024x682-1-300x200.jpg 300w, https:\/\/metropolitni.brno.cz\/wp-content\/uploads\/2024\/03\/5-BMO-1024x682-1-768x512.jpg 768w\" sizes=\"(max-width: 1024px) 100vw, 1024px\" \/><\/a><\/figure>\n\n\n\n<figure class=\"wp-block-image size-large\"><a href=\"https:\/\/metropolitni.brno.cz\/wp-content\/uploads\/2024\/03\/4-BMO-1024x682-1.jpg\"><img loading=\"lazy\" decoding=\"async\" width=\"1024\" height=\"682\" data-id=\"8908\" src=\"https:\/\/metropolitni.brno.cz\/wp-content\/uploads\/2024\/03\/4-BMO-1024x682-1.jpg\" alt=\"\" class=\"wp-image-8908\" srcset=\"https:\/\/metropolitni.brno.cz\/wp-content\/uploads\/2024\/03\/4-BMO-1024x682-1.jpg 1024w, https:\/\/metropolitni.brno.cz\/wp-content\/uploads\/2024\/03\/4-BMO-1024x682-1-300x200.jpg 300w, https:\/\/metropolitni.brno.cz\/wp-content\/uploads\/2024\/03\/4-BMO-1024x682-1-768x512.jpg 768w\" sizes=\"(max-width: 1024px) 100vw, 1024px\" \/><\/a><\/figure>\n\n\n\n<figure class=\"wp-block-image size-large\"><a href=\"https:\/\/metropolitni.brno.cz\/wp-content\/uploads\/2024\/03\/3-BMO-1024x682-1.jpg\"><img loading=\"lazy\" decoding=\"async\" width=\"1024\" height=\"682\" data-id=\"8909\" src=\"https:\/\/metropolitni.brno.cz\/wp-content\/uploads\/2024\/03\/3-BMO-1024x682-1.jpg\" alt=\"\" class=\"wp-image-8909\" srcset=\"https:\/\/metropolitni.brno.cz\/wp-content\/uploads\/2024\/03\/3-BMO-1024x682-1.jpg 1024w, https:\/\/metropolitni.brno.cz\/wp-content\/uploads\/2024\/03\/3-BMO-1024x682-1-300x200.jpg 300w, https:\/\/metropolitni.brno.cz\/wp-content\/uploads\/2024\/03\/3-BMO-1024x682-1-768x512.jpg 768w\" sizes=\"(max-width: 1024px) 100vw, 1024px\" \/><\/a><\/figure>\n\n\n\n<figure class=\"wp-block-image size-large\"><a href=\"https:\/\/metropolitni.brno.cz\/wp-content\/uploads\/2024\/03\/2-BMO-1024x682-1.jpg\"><img loading=\"lazy\" decoding=\"async\" width=\"1024\" height=\"682\" data-id=\"8910\" src=\"https:\/\/metropolitni.brno.cz\/wp-content\/uploads\/2024\/03\/2-BMO-1024x682-1.jpg\" alt=\"\" class=\"wp-image-8910\" srcset=\"https:\/\/metropolitni.brno.cz\/wp-content\/uploads\/2024\/03\/2-BMO-1024x682-1.jpg 1024w, https:\/\/metropolitni.brno.cz\/wp-content\/uploads\/2024\/03\/2-BMO-1024x682-1-300x200.jpg 300w, https:\/\/metropolitni.brno.cz\/wp-content\/uploads\/2024\/03\/2-BMO-1024x682-1-768x512.jpg 768w\" sizes=\"(max-width: 1024px) 100vw, 1024px\" \/><\/a><\/figure>\n<\/figure>\n","protected":false},"excerpt":{"rendered":"<p>Budoucnost metropolitn\u00ed spolupr\u00e1ce (2019) Jak\u00e1 je budoucnost metropolitn\u00ed spolupr\u00e1ce v&nbsp;\u010cR? Perspektivy lok\u00e1ln\u00ed, region\u00e1ln\u00ed a&nbsp;n\u00e1rodn\u00ed \u00farovn\u011b Ve \u010dtvrtek 7.&nbsp;\u00fanora 2019 se v&nbsp;prostor\u00e1ch resortu Kask\u00e1da u&nbsp;Ku\u0159imi uskute\u010dnila odborn\u00e1 konference s&nbsp;n\u00e1zvem&nbsp;\u201eJak\u00e1 je budoucnost metropolitn\u00ed spolupr\u00e1ce v&nbsp;\u010cR? Perspektivy lok\u00e1ln\u00ed, region\u00e1ln\u00ed a&nbsp;n\u00e1rodn\u00ed \u00farovn\u011b\u201c. Konference se konala pod z\u00e1\u0161titou&nbsp;ministryn\u011b pro m\u00edstn\u00ed rozvoj Kl\u00e1ry Dost\u00e1lov\u00e9,&nbsp;hejtmana Jihomoravsk\u00e9ho kraje Bohumila \u0160imka a&nbsp;Svazu m\u011bst a&nbsp;obc\u00ed<\/p>\n","protected":false},"author":1,"featured_media":9078,"parent":0,"menu_order":56,"comment_status":"closed","ping_status":"closed","template":"","meta":{"_editorskit_title_hidden":false,"_editorskit_reading_time":0,"_editorskit_is_block_options_detached":false,"_editorskit_block_options_position":"{}","footnotes":""},"acf":[],"aioseo_notices":[],"_links":{"self":[{"href":"https:\/\/metropolitni.brno.cz\/en\/wp-json\/wp\/v2\/pages\/10538"}],"collection":[{"href":"https:\/\/metropolitni.brno.cz\/en\/wp-json\/wp\/v2\/pages"}],"about":[{"href":"https:\/\/metropolitni.brno.cz\/en\/wp-json\/wp\/v2\/types\/page"}],"author":[{"embeddable":true,"href":"https:\/\/metropolitni.brno.cz\/en\/wp-json\/wp\/v2\/users\/1"}],"replies":[{"embeddable":true,"href":"https:\/\/metropolitni.brno.cz\/en\/wp-json\/wp\/v2\/comments?post=10538"}],"version-history":[{"count":2,"href":"https:\/\/metropolitni.brno.cz\/en\/wp-json\/wp\/v2\/pages\/10538\/revisions"}],"predecessor-version":[{"id":14133,"href":"https:\/\/metropolitni.brno.cz\/en\/wp-json\/wp\/v2\/pages\/10538\/revisions\/14133"}],"wp:featuredmedia":[{"embeddable":true,"href":"https:\/\/metropolitni.brno.cz\/en\/wp-json\/wp\/v2\/media\/9078"}],"wp:attachment":[{"href":"https:\/\/metropolitni.brno.cz\/en\/wp-json\/wp\/v2\/media?parent=10538"}],"curies":[{"name":"wp","href":"https:\/\/api.w.org\/{rel}","templated":true}]}}