{"id":10523,"date":"2024-03-19T11:21:55","date_gmt":"2024-03-19T11:21:55","guid":{"rendered":"https:\/\/metropolitni.brno.cz\/studentske-staze\/"},"modified":"2024-04-16T10:39:36","modified_gmt":"2024-04-16T10:39:36","slug":"studentske-staze","status":"publish","type":"page","link":"https:\/\/metropolitni.brno.cz\/en\/studentske-staze\/","title":{"rendered":"Studentsk\u00e9 st\u00e1\u017ee"},"content":{"rendered":"\n<h1 class=\"wp-block-heading\">Studentsk\u00e9 st\u00e1\u017ee<\/h1>\n\n\n\n<p>Zaj\u00edm\u00e1 t\u011b metropolitn\u00ed pl\u00e1nov\u00e1n\u00ed a problematika rozvoje metropolitn\u00edch oblast\u00ed v&nbsp;\u010cesk\u00e9 republice? Jsi kreativn\u00ed, m\u00e1\u0161 analytick\u00e9 a kritick\u00e9 my\u0161len\u00ed a um\u00ed\u0161 dob\u0159e ps\u00e1t? Chce\u0161 se pod\u00edlet na tvorb\u011b dlouhodob\u00e9 strategie rozvoje Brn\u011bnsk\u00e9 metropolitn\u00ed oblasti?<\/p>\n\n\n\n<p>Nab\u00edz\u00edme st\u00e1\u017e student\u016fm vysok\u00fdch \u0161kol v&nbsp;\u010cesk\u00e9 republice. Uchaze\u010d mus\u00ed b\u00fdt studentem\u00a0<strong>bakal\u00e1\u0159sk\u00e9ho, magistersk\u00e9ho \u010di doktorsk\u00e9ho studia.<\/strong>\u00a0St\u00e1\u017e absolvujete u n\u00e1s na odd\u011blen\u00ed a d\u00e9lka st\u00e1\u017ee by z\u00e1visela na na\u0161\u00ed domluv\u011b (minim\u00e1ln\u00ed d\u00e9lka trv\u00e1n\u00ed st\u00e1\u017ee jsou t\u0159i m\u011bs\u00edce).<\/p>\n\n\n\n<p><strong>Pro\u010d zrovna st\u00e1\u017e u n\u00e1s?<\/strong><\/p>\n\n\n\n<ul>\n<li>Flexibiln\u00ed pracovn\u00ed doba a zam\u011b\u0159en\u00ed st\u00e1\u017ee;<\/li>\n\n\n\n<li>Pro z\u00e1jemce mo\u017enost spolupr\u00e1ce na dlouhodob\u00fdch projektech;<\/li>\n\n\n\n<li>R\u016fznorod\u00e1 a kreativn\u00ed pr\u00e1ce;<\/li>\n\n\n\n<li>Rozvoj jazyka a informac\u00ed z&nbsp;oblasti region\u00e1ln\u00ed politiky, spr\u00e1vn\u00edho pr\u00e1va, managementu \u00fazemn\u00edch samospr\u00e1v, evropsk\u00e9 spolupr\u00e1ce a strategick\u00e9ho pl\u00e1nov\u00e1n\u00ed;<\/li>\n\n\n\n<li>P\u0159\u00e1telsk\u00e9 prost\u0159ed\u00ed, pr\u00e1ce s&nbsp;t\u00fdmem mlad\u00fdch lid\u00ed;<\/li>\n\n\n\n<li>Mentoring a zp\u011btn\u00e1 vazba.<\/li>\n<\/ul>\n\n\n\n<p>Pokud m\u00e1\u0161 o st\u00e1\u017e z\u00e1jem, po\u0161li n\u00e1m sv\u016fj \u017eivotopis a motiva\u010dn\u00ed dopis na e-mail&nbsp;<strong><a href=\"mailto:raszkova.sona@brno.cz\">raszkova.sona@brno.cz.<\/a>&nbsp;<\/strong><\/p>\n","protected":false},"excerpt":{"rendered":"<p>Studentsk\u00e9 st\u00e1\u017ee Zaj\u00edm\u00e1 t\u011b metropolitn\u00ed pl\u00e1nov\u00e1n\u00ed a problematika rozvoje metropolitn\u00edch oblast\u00ed v&nbsp;\u010cesk\u00e9 republice? Jsi kreativn\u00ed, m\u00e1\u0161 analytick\u00e9 a kritick\u00e9 my\u0161len\u00ed a um\u00ed\u0161 dob\u0159e ps\u00e1t? Chce\u0161 se pod\u00edlet na tvorb\u011b dlouhodob\u00e9 strategie rozvoje Brn\u011bnsk\u00e9 metropolitn\u00ed oblasti? Nab\u00edz\u00edme st\u00e1\u017e student\u016fm vysok\u00fdch \u0161kol v&nbsp;\u010cesk\u00e9 republice. Uchaze\u010d mus\u00ed b\u00fdt studentem\u00a0bakal\u00e1\u0159sk\u00e9ho, magistersk\u00e9ho \u010di doktorsk\u00e9ho studia.\u00a0St\u00e1\u017e absolvujete u n\u00e1s na odd\u011blen\u00ed<\/p>\n","protected":false},"author":1,"featured_media":0,"parent":0,"menu_order":81,"comment_status":"closed","ping_status":"closed","template":"","meta":{"_editorskit_title_hidden":false,"_editorskit_reading_time":0,"_editorskit_is_block_options_detached":false,"_editorskit_block_options_position":"{}","footnotes":""},"acf":[],"aioseo_notices":[],"_links":{"self":[{"href":"https:\/\/metropolitni.brno.cz\/en\/wp-json\/wp\/v2\/pages\/10523"}],"collection":[{"href":"https:\/\/metropolitni.brno.cz\/en\/wp-json\/wp\/v2\/pages"}],"about":[{"href":"https:\/\/metropolitni.brno.cz\/en\/wp-json\/wp\/v2\/types\/page"}],"author":[{"embeddable":true,"href":"https:\/\/metropolitni.brno.cz\/en\/wp-json\/wp\/v2\/users\/1"}],"replies":[{"embeddable":true,"href":"https:\/\/metropolitni.brno.cz\/en\/wp-json\/wp\/v2\/comments?post=10523"}],"version-history":[{"count":0,"href":"https:\/\/metropolitni.brno.cz\/en\/wp-json\/wp\/v2\/pages\/10523\/revisions"}],"wp:attachment":[{"href":"https:\/\/metropolitni.brno.cz\/en\/wp-json\/wp\/v2\/media?parent=10523"}],"curies":[{"name":"wp","href":"https:\/\/api.w.org\/{rel}","templated":true}]}}