{"id":10522,"date":"2024-03-19T11:23:06","date_gmt":"2024-03-19T11:23:06","guid":{"rendered":"https:\/\/metropolitni.brno.cz\/metropolitni-muniss\/"},"modified":"2024-07-03T12:39:38","modified_gmt":"2024-07-03T12:39:38","slug":"metropolitni-muniss","status":"publish","type":"page","link":"https:\/\/metropolitni.brno.cz\/en\/metropolitni-muniss\/","title":{"rendered":"Metropolitn\u00ed MUNISS"},"content":{"rendered":"\n<h1 class=\"wp-block-heading\">Metropolitn\u00ed MUNISS<\/h1>\n\n\n\n<p>V ro\u010dn\u00edku 2018\/2019\u00a0<strong>Mezin\u00e1rodn\u00ed a meziuniverzitn\u00ed studentsk\u00e9 sout\u011b\u017ee<\/strong>\u00a0(ve zkratce\u00a0<a href=\"http:\/\/www.muniss.cz\/\" class=\"ek-link\"><strong>MUNISS<\/strong><\/a>) bylo metropolitn\u00ed t\u00e9ma jednou velkou premi\u00e9rou. Hlavn\u00edm z\u00e1m\u011brem projektu MUNISS je rozvoj spolupr\u00e1ce m\u011bsta Brna s&nbsp;nadan\u00fdmi studenty nejv\u011bt\u0161\u00edch vysok\u00fdch \u0161kol v&nbsp;Brn\u011b a tvorba praktick\u00fdch studi\u00ed s&nbsp;potenci\u00e1lem realizace na \u00fazem\u00ed m\u011bsta.<\/p>\n\n\n\n<p>Studentsk\u00fd t\u00fdm se zab\u00fdval&nbsp;<strong>revitalizac\u00ed nevyu\u017e\u00edvan\u00e9 lokality p\u00edskoven na jihu Brn\u011bnsk\u00e9 metropolitn\u00ed oblasti<\/strong>. \u0158e\u0161en\u00e9 \u00fazem\u00ed projektu se nach\u00e1z\u00ed na \u00fazem\u00ed \u017didlochovicka, do n\u011bho\u017e spadaj\u00ed katastry obc\u00ed Brat\u010dice, Ledce, Hru\u0161ovany, \u017dab\u010dice a Medlov. V&nbsp;tuto chv\u00edli nen\u00ed oblast p\u00edskoven vyhled\u00e1vanou lokalitou pro rekreaci, av\u0161ak v&nbsp;horizontu n\u00e1sleduj\u00edc\u00ed des\u00edtek let se po\u010d\u00edt\u00e1 s&nbsp;t\u00edm, \u017ee dojde k&nbsp;vyt\u011b\u017een\u00ed z\u00e1sob a ukon\u010den\u00ed t\u011b\u017eby. D\u00edky revitalizaci se p\u00edskovny prom\u011bn\u00ed na vodn\u00ed plochy zlep\u0161uj\u00edc\u00ed vodn\u00ed re\u017eim i mikroklima a zv\u00fd\u0161\u00ed atraktivitu prost\u0159ed\u00ed. V&nbsp;n\u00e1vaznosti na tyto plochy vzniknou rekrea\u010dn\u00ed are\u00e1ly s&nbsp;ubytovac\u00edm, stravovac\u00edm a sportovn\u00edm z\u00e1zem\u00edm i plochy pro kon\u00e1n\u00ed kulturn\u00edch akc\u00ed a festival\u016f.<\/p>\n\n\n\n<p>Zaj\u00edmaj\u00ed V\u00e1s konkr\u00e9tn\u00ed n\u00e1pady, se kter\u00fdmi studenti p\u0159i\u0161li? Potom \u010dt\u011bte d\u00e1le.<\/p>\n\n\n\n<p>Navrhovan\u00fd stav po\u010d\u00edt\u00e1 s&nbsp;novou podobou krajiny, kter\u00e1 v&nbsp;sob\u011b nese p\u016fvodn\u00ed nezm\u011bn\u011bnou \u010d\u00e1st, historick\u00e9 struktury a krajinn\u00e9 znaky, kter\u00e9 nov\u00e1 tv\u00e1\u0159 krajiny rozv\u00edj\u00ed. Syst\u00e9m vodn\u00edch ploch dopln\u011bn\u00fdch o b\u0159ehov\u00e9 porosty, lesy a krajinn\u00e1 zele\u0148 slou\u017e\u00ed prim\u00e1rn\u011b k&nbsp;obnoven\u00ed p\u0159\u00edrodn\u00edch proces\u016f v&nbsp;dan\u00e9 lokalit\u011b. D\u00e1le je pot\u0159eba prohlubovat tak\u00e9 vztah \u010dlov\u011bka k&nbsp;p\u0159\u00edrod\u011b, a\u0165 u\u017e formou rekreace, aktivn\u00edho sportovn\u00edho vy\u017eit\u00ed, \u010di pocitem soun\u00e1le\u017eitosti, pozorov\u00e1n\u00edm a z\u00e1jmem o krajinu kolem sebe.<\/p>\n\n\n\n<p>Na vizualizaci n\u00ed\u017ee m\u016f\u017eete vid\u011bt navr\u017een\u00e1 \u0159e\u0161en\u00ed v&nbsp;dan\u00e9 lokalit\u011b:<\/p>\n\n\n\n<ul>\n<li><strong>Rekreace u vody<\/strong>. Nov\u00e9 vodn\u00ed plochy ke koup\u00e1n\u00ed, vodn\u00edm sport\u016fm i k&nbsp;odpo\u010dinku, kter\u00e9 napln\u00ed po\u017eadavky na rekrea\u010dn\u00ed z\u00e1zem\u00ed v&nbsp;\u00fazem\u00ed.<\/li>\n\n\n\n<li><strong>Cesty krajinou a stromo\u0159ad\u00ed<\/strong>. Historick\u00e1 cesta z&nbsp;Hru\u0161ovan k&nbsp;z\u00e1mku v&nbsp;\u017didlochovic\u00edch propoj\u00ed ob\u011b m\u00edsta pro m\u00edstn\u00ed i pro turisty. Historick\u00e1 c\u00edsa\u0159sk\u00e1 silnice s&nbsp;obnoven\u00fdm j\u00edrovcov\u00fdm stromo\u0159ad\u00edm.<\/li>\n\n\n\n<li><strong>Proch\u00e1zky a v\u00fdlety<\/strong>. Cesty kolem zatopen\u00fdch lom\u016f budou atraktivn\u00edmi lokalitami pro proch\u00e1zky v&nbsp;p\u0159\u00edrod\u011b.<\/li>\n\n\n\n<li><strong>Vina\u0159sk\u00e9 a nau\u010dn\u00e9 stezky<\/strong>. P\u011b\u0161\u00ed trasa a cyklostezka z&nbsp;Brna na P\u00e1lavu se zast\u00e1vkou u tvrze Kov\u00e1lov. Stezky budou dopln\u011bny o nau\u010dn\u00e9 a informa\u010dn\u00ed tabule.<\/li>\n\n\n\n<li><strong>Vzpom\u00ednka na zaniklou vesnici Kov\u00e1lov<\/strong>. N\u00e1vrh po\u010d\u00edt\u00e1 s&nbsp;p\u0159ipomenut\u00edm vesnice Kov\u00e1lov na jej\u00edm p\u016fvodn\u00edm m\u00edst\u011b. Hlavn\u00ed hmotu tvo\u0159\u00ed kovov\u00e1 konstrukce ve tvaru kostela, jeho\u017e v\u011b\u017e slou\u017e\u00ed jako rozhledna.<\/li>\n\n\n\n<li><strong>Botanick\u00e1 zahrada aneb p\u00edse\u010dn\u00fd biom<\/strong>. Nau\u010dn\u00e1 stezka p\u00edse\u010dn\u00fdm biomem povede opu\u0161t\u011bnou p\u00edskovnou, v&nbsp;jej\u00ed\u017e p\u0159ev\u00e1\u017en\u00e9 \u010d\u00e1sti bude rekultivace ponech\u00e1na p\u0159irozen\u00e9 cest\u011b.<\/li>\n<\/ul>\n\n\n\n<figure class=\"wp-block-gallery has-nested-images columns-default is-cropped wp-block-gallery-1 is-layout-flex wp-block-gallery-is-layout-flex\">\n<figure class=\"wp-block-image size-large\"><a href=\"https:\/\/metropolitni.brno.cz\/wp-content\/uploads\/2024\/03\/64457637_2748030048546465_6516737948187099136_o.jpg\"><img loading=\"lazy\" decoding=\"async\" width=\"1024\" height=\"524\" data-id=\"9909\" src=\"https:\/\/metropolitni.brno.cz\/wp-content\/uploads\/2024\/03\/64457637_2748030048546465_6516737948187099136_o-1024x524.jpg\" alt=\"\" class=\"wp-image-9909\" srcset=\"https:\/\/metropolitni.brno.cz\/wp-content\/uploads\/2024\/03\/64457637_2748030048546465_6516737948187099136_o-1024x524.jpg 1024w, https:\/\/metropolitni.brno.cz\/wp-content\/uploads\/2024\/03\/64457637_2748030048546465_6516737948187099136_o-300x153.jpg 300w, https:\/\/metropolitni.brno.cz\/wp-content\/uploads\/2024\/03\/64457637_2748030048546465_6516737948187099136_o-768x393.jpg 768w, https:\/\/metropolitni.brno.cz\/wp-content\/uploads\/2024\/03\/64457637_2748030048546465_6516737948187099136_o-1536x785.jpg 1536w, https:\/\/metropolitni.brno.cz\/wp-content\/uploads\/2024\/03\/64457637_2748030048546465_6516737948187099136_o.jpg 2048w\" sizes=\"(max-width: 1024px) 100vw, 1024px\" \/><\/a><\/figure>\n<\/figure>\n\n\n\n<p>Projekt revitalizace p\u00edskoven na jihu Brn\u011bnsk\u00e9 metropolitn\u00ed oblasti je komplexn\u00edm \u0159e\u0161en\u00edm krajiny a rozv\u00edj\u00ed jeho potenci\u00e1l ve v\u0161ech sf\u00e9r\u00e1ch \u2013 ekologick\u00e9, sociologick\u00e9 a ekonomick\u00e9. Vize je d\u00edlem student\u016f Mendelovy univerzity (Zahradnick\u00e9 fakulty) a Masarykovy univerzity (Ekonomicko-spr\u00e1vn\u00ed fakulty).<\/p>\n\n\n\n<p>Fin\u00e1ln\u00ed v\u00fdsledky projektu\u00a0<strong>P\u00edskovny za humny<\/strong>\u00a0si m\u016f\u017eete prohl\u00e9dnout v\u00a0<a href=\"https:\/\/metropolitni.brno.cz\/wp-content\/uploads\/2024\/07\/muniss-mt-piskovny-brozurka.pdf\" class=\"ek-link\"><strong>bro\u017eurce<\/strong><\/a>.<\/p>\n","protected":false},"excerpt":{"rendered":"<p>Metropolitn\u00ed MUNISS V&nbsp;ro\u010dn\u00edku 2018\/2019\u00a0Mezin\u00e1rodn\u00ed a meziuniverzitn\u00ed studentsk\u00e9 sout\u011b\u017ee\u00a0(ve zkratce\u00a0MUNISS) bylo metropolitn\u00ed t\u00e9ma jednou velkou premi\u00e9rou. Hlavn\u00edm z\u00e1m\u011brem projektu MUNISS je rozvoj spolupr\u00e1ce m\u011bsta Brna s&nbsp;nadan\u00fdmi studenty nejv\u011bt\u0161\u00edch vysok\u00fdch \u0161kol v&nbsp;Brn\u011b a tvorba praktick\u00fdch studi\u00ed s&nbsp;potenci\u00e1lem realizace na \u00fazem\u00ed m\u011bsta. Studentsk\u00fd t\u00fdm se zab\u00fdval&nbsp;revitalizac\u00ed nevyu\u017e\u00edvan\u00e9 lokality p\u00edskoven na jihu Brn\u011bnsk\u00e9 metropolitn\u00ed oblasti. \u0158e\u0161en\u00e9 \u00fazem\u00ed projektu<\/p>\n","protected":false},"author":1,"featured_media":0,"parent":0,"menu_order":83,"comment_status":"closed","ping_status":"closed","template":"","meta":{"_editorskit_title_hidden":false,"_editorskit_reading_time":0,"_editorskit_is_block_options_detached":false,"_editorskit_block_options_position":"{}","footnotes":""},"acf":[],"aioseo_notices":[],"_links":{"self":[{"href":"https:\/\/metropolitni.brno.cz\/en\/wp-json\/wp\/v2\/pages\/10522"}],"collection":[{"href":"https:\/\/metropolitni.brno.cz\/en\/wp-json\/wp\/v2\/pages"}],"about":[{"href":"https:\/\/metropolitni.brno.cz\/en\/wp-json\/wp\/v2\/types\/page"}],"author":[{"embeddable":true,"href":"https:\/\/metropolitni.brno.cz\/en\/wp-json\/wp\/v2\/users\/1"}],"replies":[{"embeddable":true,"href":"https:\/\/metropolitni.brno.cz\/en\/wp-json\/wp\/v2\/comments?post=10522"}],"version-history":[{"count":2,"href":"https:\/\/metropolitni.brno.cz\/en\/wp-json\/wp\/v2\/pages\/10522\/revisions"}],"predecessor-version":[{"id":14099,"href":"https:\/\/metropolitni.brno.cz\/en\/wp-json\/wp\/v2\/pages\/10522\/revisions\/14099"}],"wp:attachment":[{"href":"https:\/\/metropolitni.brno.cz\/en\/wp-json\/wp\/v2\/media?parent=10522"}],"curies":[{"name":"wp","href":"https:\/\/api.w.org\/{rel}","templated":true}]}}